{"id":709,"date":"2013-06-11T12:32:45","date_gmt":"2013-06-11T12:32:45","guid":{"rendered":"http:\/\/www.jiva.cz\/?page_id=709"},"modified":"2019-11-29T19:09:48","modified_gmt":"2019-11-29T19:09:48","slug":"709-2","status":"publish","type":"page","link":"https:\/\/www.jiva.cz\/de","title":{"rendered":"Jiva Jir\u00e1k"},"content":{"rendered":"\n<h2>Urlaub<\/h2>\n\n\n\n<p>Sehr geehrte Gesch\u00e4ftsfreunde,<\/p>\n\n\n\n<p>wir erlauben uns Sie hinzuweisen, dass wir\n<strong>im Zeitraum&nbsp; \n<\/strong><strong>22.07.2019 \u2013 26.7. 2019 \n<\/strong><strong>den Betriebsurlaub anordnen<\/strong>.\n<\/p>\n\n\n\n<p>S\u00e4mtliche Anfragen, W\u00fcnsche und Anforderungen werden gerne nach dem Urlaub verarbeitet.<\/p>\n\n\n\n<p>Wir bedanken uns f\u00fcr Ihr Verst\u00e4ndnis.<\/p>\n\n\n\n<p>Ihre der Gesellschaft JIVA Jirak<br><\/p>\n\n\n<h2>\u00a0<\/h2>\n<h2>Warum gerade JIVA?<\/h2>\n<h3>Es gibt eine ganze Reihe von Firmen, die aus Edelstahl fertigen. Warum sollen Sie sich gerade f\u00fcr die Gesellschaft Jiva Jir\u00e1k entscheiden?<\/h3>\n<div class=\"grid-row\">\n<div class=\"col i5\">\n<ul>\n<li>Wir sind bereits seit 1935 auf dem Markt t\u00e4tig, was uns unter die Fixsterne auf dem Gebiet der Edelstahlfertigung bringt.<\/li>\n<li>Professioneller Zugang<\/li>\n<li>Wir bieten Erfahrungen, Informationen und Referenzen aus verschiedenen F\u00e4chern und realisierten Projekten auf dem ganzen Gebiet der Tschechischen Republik aber auch der EU-L\u00e4nder.<\/li>\n<li>Wir nutzen bei der Herstellung die modernsten Fertigungstechnologien, wie z. B.: Laser (4000x2000mm), CNC-Abkantpresse (1000mm, 2x2500mm, 1x3500mm), CNC-Scheren (2500mm), NC-Maschinens\u00e4gen und Rohrbiegemaschinen, die hohe Genauigkeit und Qualit\u00e4t der Ausf\u00fchrung garantieren.<\/li>\n<li>Dank der eigenen Konstruktionsabteilung sind wir f\u00e4hig, Projekte nach Kundenwunsch zu realisieren und wir sind nicht gebunden an die Herstellung von typisierten Produkten.<\/li>\n<li>Dank des eigenen Teams aus Servicetechnikern reagieren wir in einer kurzen Zeit auf eine Reparaturbestellung sowohl in als auch nach der Garantiezeit.<\/li>\n<\/ul>\n<\/div>\n<div class=\"col i7\"><iframe loading=\"lazy\" src=\"http:\/\/www.youtube.com\/embed\/7tb6maCezbg\" width=\"450\" height=\"300\" frameborder=\"0\" allowfullscreen=\"allowfullscreen\"><\/iframe><\/div>\n<\/div>","protected":false},"excerpt":{"rendered":"<p>Urlaub Sehr geehrte Gesch\u00e4ftsfreunde, wir erlauben uns Sie hinzuweisen, dass wir im Zeitraum&nbsp; 22.07.2019 \u2013 26.7. 2019 den Betriebsurlaub anordnen. S\u00e4mtliche Anfragen, W\u00fcnsche und Anforderungen werden gerne nach dem Urlaub verarbeitet. Wir bedanken uns f\u00fcr Ihr Verst\u00e4ndnis. Ihre der Gesellschaft JIVA Jirak \u00a0 Warum gerade JIVA? Es gibt eine ganze Reihe von Firmen, die aus [&hellip;]<\/p>\n","protected":false},"author":2,"featured_media":0,"parent":0,"menu_order":0,"comment_status":"closed","ping_status":"closed","template":"","meta":{"ngg_post_thumbnail":0},"_links":{"self":[{"href":"https:\/\/www.jiva.cz\/de\/wp-json\/wp\/v2\/pages\/709"}],"collection":[{"href":"https:\/\/www.jiva.cz\/de\/wp-json\/wp\/v2\/pages"}],"about":[{"href":"https:\/\/www.jiva.cz\/de\/wp-json\/wp\/v2\/types\/page"}],"author":[{"embeddable":true,"href":"https:\/\/www.jiva.cz\/de\/wp-json\/wp\/v2\/users\/2"}],"replies":[{"embeddable":true,"href":"https:\/\/www.jiva.cz\/de\/wp-json\/wp\/v2\/comments?post=709"}],"version-history":[{"count":0,"href":"https:\/\/www.jiva.cz\/de\/wp-json\/wp\/v2\/pages\/709\/revisions"}],"wp:attachment":[{"href":"https:\/\/www.jiva.cz\/de\/wp-json\/wp\/v2\/media?parent=709"}],"curies":[{"name":"wp","href":"https:\/\/api.w.org\/{rel}","templated":true}]}}