{"id":715,"date":"2013-06-11T12:40:08","date_gmt":"2013-06-11T12:40:08","guid":{"rendered":"http:\/\/www.jiva.cz\/?page_id=715"},"modified":"2014-03-03T09:59:59","modified_gmt":"2014-03-03T09:59:59","slug":"uber-uns","status":"publish","type":"page","link":"https:\/\/www.jiva.cz\/de\/uber-uns","title":{"rendered":"\u00dcber uns"},"content":{"rendered":"<p>JIVA JIR\u00c1K v\u00fdroba velkokuchy?sk\u00e9ho za?\u00edzen\u00ed spol. s r.o. ist ein tschechisches Familien-Fertigungsunternehmen, das bereits 1935 gegr\u00fcndet wurde.\u00a0 Seit der Firmengr\u00fcndung hatten wir im Fertigungsprogramm eine Reihe von Produkten, die die Arbeit in gastronomischen Betrieben erleichtern. Nach der Restitution der Firma im Jahre 1990 haben wir an diese Tradition sofort angekn\u00fcpft und wir erweitern unser Herstellungsprogramm jedes Jahr. \u00a0Nach unserer Auffassung k\u00f6nnen wir mit unseren Edelstahlprodukten und Einrichtungen alle K\u00fcchen, Zubereitungsr\u00e4ume, Schul- sowie Betriebskantinen, Restaurants und weitere gastronomische Betriebe ausstatten. Ferner wurde das Fertigungsprogramm um Lieferungen von Edelstahleinrichtungen f\u00fcr Krankenh\u00e4user, das st\u00e4dtische Mobiliar, die Ausstattung f\u00fcr H\u00e4user, Gartenm\u00f6bel und nicht zu letzt Edelstahlzubeh\u00f6r f\u00fcr die Bed\u00fcrfnisse der Bauindustrie erweitert.<\/p>\nngg_shortcode_0_placeholder\n<p>Unsere Firma, die einige Duzend erfahrene Angestellte und Fachleute aufz\u00e4hlt, und die sich mit dem Umsatz in einer H\u00f6he von Hundert Millionen r\u00fchmt, hat ihren Sitz in eigenen modernen Fertigungshallen in Vestce bei Prag. Die maschinelle Einrichtung wird durchlaufend erneuert, in der \u00dcbereinstimmung mit den modernsten technologischen Vorg\u00e4ngen und Trends auf dem Gebiet der Edelstahlverarbeitung. Ein Bestandteil unserer Firma ist auch eine Konstruktionsabteilung, die Auftr\u00e4ge nach den Bed\u00fcrfnissen unserer Kunden inkl. Vermessung und Beratungst\u00e4tigkeit ausf\u00fchrt. Selbstverst\u00e4ndlich ist auch die Montage der Auftr\u00e4ge, die unsere erfahrenen Fachangestellte ausf\u00fchren und ggf. Zusicherung des Transports der Ware auf Ort der Realisierung mit Fahrzeugen des eigenen Fahrzeugparks.<\/p>\n<h2>Geschichte<\/h2>\n<p>Die Geschichte der Firma greift wirklich ziemlich weit. Der Gro\u00dfvater der heutigen Inhaber war bei der Firma Kaliba in der Lehre. Diese Firma war in der Republik eine der wenigsten, die sich mit der Ausstattung von K\u00fcchenbetrieben besch\u00e4ftigte. Danach hat V\u00e1clav Jir\u00e1k (geb. 1898) diese Firma verlassen und wurde selbstst\u00e4ndig.<\/p>\nngg_shortcode_1_placeholder\n<p>Im Jahre 1935 gr\u00fcndete er eine eigene Firma und er konzentrierte sich in der Garage auf die Produktion von Konditorei\u00f6fen und Blech- bzw. Email\u00f6fen. Das war ein Produkt, das in keinem Haushalt fehlen d\u00fcrfte. V\u00e1clav Jir\u00e1k brachte bald seinen Sohn in die Firma und die Werkstatt in der Garage\u00a0 tauschte er f\u00fcr eine kleine Fertigungshalle aus. Es dauerte nicht lange, und das Land wurde vom Krieg regiert und ein Paar Jahre sp\u00e4ter nach seinem Ende kam die Verstaatlichung. Vierzig Jahre wirtschaftete hier ein staatliches Unternehmen, die Firma Komex. Nach der Revolution im Jahre 1989 kam die M\u00f6glichkeit der R\u00fcckgabe des Eigentums an die urspr\u00fcnglichen Eigent\u00fcmer, was die Familie nutzte und Ladislav Jir\u00e1k \u00fcbernahm mit seinen S\u00f6hnen die Firma in den Privatbesitz. Heute produziert bereits die vierte Generation der Familie Jir\u00e1k Edelstahlausstattungen f\u00fcr verschiedene Branchen. Die Produkte der Firma schm\u00fccken nicht nur die R\u00e4umlichkeiten der Banken, Hotels, Restaurants, Krankenh\u00e4user, aber auch die Betriebsbereiche auf Flugh\u00e4fen oder sie geh\u00f6ren zur Ausstattung f\u00fcr Gef\u00e4ngnisse.<\/p>\n<p>&nbsp;<\/p>\n","protected":false},"excerpt":{"rendered":"<p>JIVA JIR\u00c1K v\u00fdroba velkokuchy?sk\u00e9ho za?\u00edzen\u00ed spol. s r.o. ist ein tschechisches Familien-Fertigungsunternehmen, das bereits 1935 gegr\u00fcndet wurde.\u00a0 Seit der Firmengr\u00fcndung hatten wir im Fertigungsprogramm eine Reihe von Produkten, die die Arbeit in gastronomischen Betrieben erleichtern. Nach der Restitution der Firma im Jahre 1990 haben wir an diese Tradition sofort angekn\u00fcpft und wir erweitern unser Herstellungsprogramm [&hellip;]<\/p>\n","protected":false},"author":2,"featured_media":1448,"parent":0,"menu_order":0,"comment_status":"closed","ping_status":"closed","template":"tpl_contact.php","meta":{"ngg_post_thumbnail":0},"_links":{"self":[{"href":"https:\/\/www.jiva.cz\/de\/wp-json\/wp\/v2\/pages\/715"}],"collection":[{"href":"https:\/\/www.jiva.cz\/de\/wp-json\/wp\/v2\/pages"}],"about":[{"href":"https:\/\/www.jiva.cz\/de\/wp-json\/wp\/v2\/types\/page"}],"author":[{"embeddable":true,"href":"https:\/\/www.jiva.cz\/de\/wp-json\/wp\/v2\/users\/2"}],"replies":[{"embeddable":true,"href":"https:\/\/www.jiva.cz\/de\/wp-json\/wp\/v2\/comments?post=715"}],"version-history":[{"count":0,"href":"https:\/\/www.jiva.cz\/de\/wp-json\/wp\/v2\/pages\/715\/revisions"}],"wp:featuredmedia":[{"embeddable":true,"href":"https:\/\/www.jiva.cz\/de\/wp-json\/wp\/v2\/media\/1448"}],"wp:attachment":[{"href":"https:\/\/www.jiva.cz\/de\/wp-json\/wp\/v2\/media?parent=715"}],"curies":[{"name":"wp","href":"https:\/\/api.w.org\/{rel}","templated":true}]}}