{"id":717,"date":"2013-06-11T12:41:53","date_gmt":"2013-06-11T12:41:53","guid":{"rendered":"http:\/\/www.jiva.cz\/?page_id=717"},"modified":"2013-06-11T12:42:40","modified_gmt":"2013-06-11T12:42:40","slug":"referenzen","status":"publish","type":"page","link":"https:\/\/www.jiva.cz\/de\/referenzen","title":{"rendered":"Referenzen"},"content":{"rendered":"<p>W\u00e4hrend der ganzen Zeit der Existenz der Gesellschaft Jiva Jir\u00e1k gab es eine Reihe von Referenzauftr\u00e4gen und Projekte. Aus der ganzen Aufz\u00e4hlung nennen wir die wichtigsten aus den letzten Jahren:<\/p>\n<ul>\n<li>Hotel sv. Tom\u00e1\u0161 \u2013 Prag | K\u00fcche<\/li>\n<li>Ikea Klagenfurt | Bar<\/li>\n<li>Ikea Bratislava, Prag &#8211;\u00a0 Zli?\u00edn, Wien, St. Petersburg | Essenausgabe, K\u00fcche<\/li>\n<li>Bezirkskrankenhaus P?\u00edbram | Ausstattung f\u00fcr Sterilisierung<\/li>\n<li>Bezirkskrankenhaus Kladno\u00a0 | Ausstattung f\u00fcr Sterilisierung<\/li>\n<li>Universit\u00e4tskrankenhaus in Motol<i> <\/i>| Ausstattung f\u00fcr Sterilisierung, unterirdischer Transport<\/li>\n<li>MK Point \u2013 Prag | Essenausgabe, K\u00fcche<\/li>\n<li>T Mobil Slowakei | Telefon-Sprechr\u00e4ume &#8211; 1800 St.<\/li>\n<li>Krankenhaus der barmherzigen Schwester des hl. Karl Boromejsk\u00fd | Essenausgabe, K\u00fcche<\/li>\n<li>Allgemeines Universit\u00e4tskrankenhaus Prag 2 | K\u00fcche<\/li>\n<li>Universit\u00e4tskrankenhaus Kr\u00e1lovsk\u00e9 Vinohrady | K\u00fcche, Essen auf R\u00e4dern<\/li>\n<li>Steuerung des Flugbetriebes \u2013 Jene? | Essenausgabe, K\u00fcche<\/li>\n<li>DD Sn?\u017eenkov\u00e1 | K\u00fcche, Essen auf R\u00e4dern<\/li>\n<li>Zentrales Milit\u00e4rkrankenhaus | Unterirdischer Transport<\/li>\n<li>BBcentrum \u2013 Geb\u00e4ude Gama, Filadelfie | Essenausgabe, K\u00fcche<\/li>\n<li>Restaurant Kogo | K\u00fcche<\/li>\n<li>Nordsee | Essenausgabe, K\u00fcche<\/li>\n<li>Handelszentrum ABC Sulice | Lebensmittelgesch\u00e4ft, Restaurant, Kindergarten, Tabak, Konditorei, Pet-Shop, Blumenladen<\/li>\n<li>\u0160J Kunratice | Essenausgabe, K\u00fcche<\/li>\n<li>\u0160koda Mlad\u00e1 Boleslav | Essenausgabe, K\u00fcche, Kantinen<\/li>\n<li>Hotel Clarion\u00a0 | K\u00fcche<\/li>\n<li>T-Mobil Zentrale | Essenausgabe, K\u00fcche<\/li>\n<li>Radio Freies Europa | Essenausgabe, K\u00fcche<\/li>\n<li>Abgeordnetenhaus der Tschechischen Republik | K\u00fcche<\/li>\n<li>Senat der Tschechischen Republik | K\u00fcche<\/li>\n<li>Gymnasium Postupick\u00e1 | Essenausgabe, K\u00fcche<\/li>\n<li>?EZ Temel\u00edn | Essenausgabe, K\u00fcche<\/li>\n<li>M\u0160 a Z\u0160 Sunny Canadian School | Essenausgabe, K\u00fcche<\/li>\n<li>Hotel \u201e U M?sta V\u00eddn?\u201c \u2013 ?esk\u00fd Krumlov | K\u00fcche<\/li>\n<li>Botschaft der Tschechischen Republik in Alma Ata \u2013 Kasachstan | K\u00fcche<\/li>\n<li>Botschaft der Tschechischen Republik in Bern, Schweiz | K\u00fcche<\/li>\n<li>Insel Vis, Kroatien | Fischgesch\u00e4ft<\/li>\n<li>Metro\u00a0 &#8211; Lebensmittel, Deutschland | Ausstattung von Gesch\u00e4ften mit K\u00fchlinseln<\/li>\n<li>Extra\u00a0\u00a0 &#8211; Lebensmittel, Deutschland | Ausstattung von Gesch\u00e4ften mit K\u00fchlinseln<\/li>\n<li>Ford Kechnec, Slowakei | Essenausgabe, K\u00fcche<\/li>\n<li>Hotel Sheraton, Bratislava, Slowakei | K\u00fcche, Bars<\/li>\n<li>Restaurant Grosseto Marina | K\u00fcche, Bars<\/li>\n<li>?esk\u00e9 dr\u00e1hy | Aufschrift Praha Hlavn\u00ed N\u00e1dra\u017e\u00ed\u00a0 (Prag Hauptbahnhof)<\/li>\n<li>Stadt T?ebo? | Sitzb\u00e4nke, st\u00e4dtisches Mobiliar<\/li>\n<li>Prag 4 | Edelstahlloggia eines Plattenhauses<\/li>\n<li>Universit\u00e4t K\u00f6ln, Deutschland | Sterilisierung \u2013 saubere R\u00e4umlichkeiten<\/li>\n<li>Klinika AlmaAta | zentrale Sterilisierung<\/li>\n<li>Krankenhaus Bra\u0161ov, Rom\u00e4nien | Ausr\u00fcstung von Sprechzimmern und Sterilisierung<\/li>\n<li><\/li>\n<\/ul>\n","protected":false},"excerpt":{"rendered":"<p>W\u00e4hrend der ganzen Zeit der Existenz der Gesellschaft Jiva Jir\u00e1k gab es eine Reihe von Referenzauftr\u00e4gen und Projekte. Aus der ganzen Aufz\u00e4hlung nennen wir die wichtigsten aus den letzten Jahren: Hotel sv. Tom\u00e1\u0161 \u2013 Prag | K\u00fcche Ikea Klagenfurt | Bar Ikea Bratislava, Prag &#8211;\u00a0 Zli?\u00edn, Wien, St. Petersburg | Essenausgabe, K\u00fcche Bezirkskrankenhaus P?\u00edbram | [&hellip;]<\/p>\n","protected":false},"author":2,"featured_media":380,"parent":0,"menu_order":0,"comment_status":"closed","ping_status":"closed","template":"","meta":{"ngg_post_thumbnail":0},"_links":{"self":[{"href":"https:\/\/www.jiva.cz\/de\/wp-json\/wp\/v2\/pages\/717"}],"collection":[{"href":"https:\/\/www.jiva.cz\/de\/wp-json\/wp\/v2\/pages"}],"about":[{"href":"https:\/\/www.jiva.cz\/de\/wp-json\/wp\/v2\/types\/page"}],"author":[{"embeddable":true,"href":"https:\/\/www.jiva.cz\/de\/wp-json\/wp\/v2\/users\/2"}],"replies":[{"embeddable":true,"href":"https:\/\/www.jiva.cz\/de\/wp-json\/wp\/v2\/comments?post=717"}],"version-history":[{"count":0,"href":"https:\/\/www.jiva.cz\/de\/wp-json\/wp\/v2\/pages\/717\/revisions"}],"wp:featuredmedia":[{"embeddable":true,"href":"https:\/\/www.jiva.cz\/de\/wp-json\/wp\/v2\/media\/380"}],"wp:attachment":[{"href":"https:\/\/www.jiva.cz\/de\/wp-json\/wp\/v2\/media?parent=717"}],"curies":[{"name":"wp","href":"https:\/\/api.w.org\/{rel}","templated":true}]}}