{"id":724,"date":"2013-06-11T12:46:47","date_gmt":"2013-06-11T12:46:47","guid":{"rendered":"http:\/\/www.jiva.cz\/?page_id=724"},"modified":"2013-06-11T12:59:55","modified_gmt":"2013-06-11T12:59:55","slug":"spulbecken-und-waschbecken","status":"publish","type":"page","link":"https:\/\/www.jiva.cz\/de\/dienstleistungen\/haus-und-garten\/spulbecken-und-waschbecken","title":{"rendered":"Sp\u00fclbecken und Waschbecken"},"content":{"rendered":"<p>F\u00fcr den Haushalt, aber auch f\u00fcr kommerzielles Nutzen bieten wir eine Palette an Volledelstahlsp\u00fclbecken und Wandwaschbecken. Diese werden im geschwei\u00dften Zustand angeliefert. Nach der Spezifikation des Kunden k\u00f6nnen wir die Produkte mit Armaturen aller Art versetzen.<\/p>\nngg_shortcode_0_placeholder\n","protected":false},"excerpt":{"rendered":"<p>F\u00fcr den Haushalt, aber auch f\u00fcr kommerzielles Nutzen bieten wir eine Palette an Volledelstahlsp\u00fclbecken und Wandwaschbecken. Diese werden im geschwei\u00dften Zustand angeliefert. Nach der Spezifikation des Kunden k\u00f6nnen wir die Produkte mit Armaturen aller Art versetzen.<\/p>\n","protected":false},"author":2,"featured_media":282,"parent":722,"menu_order":0,"comment_status":"closed","ping_status":"closed","template":"","meta":{"ngg_post_thumbnail":0},"_links":{"self":[{"href":"https:\/\/www.jiva.cz\/de\/wp-json\/wp\/v2\/pages\/724"}],"collection":[{"href":"https:\/\/www.jiva.cz\/de\/wp-json\/wp\/v2\/pages"}],"about":[{"href":"https:\/\/www.jiva.cz\/de\/wp-json\/wp\/v2\/types\/page"}],"author":[{"embeddable":true,"href":"https:\/\/www.jiva.cz\/de\/wp-json\/wp\/v2\/users\/2"}],"replies":[{"embeddable":true,"href":"https:\/\/www.jiva.cz\/de\/wp-json\/wp\/v2\/comments?post=724"}],"version-history":[{"count":0,"href":"https:\/\/www.jiva.cz\/de\/wp-json\/wp\/v2\/pages\/724\/revisions"}],"up":[{"embeddable":true,"href":"https:\/\/www.jiva.cz\/de\/wp-json\/wp\/v2\/pages\/722"}],"wp:featuredmedia":[{"embeddable":true,"href":"https:\/\/www.jiva.cz\/de\/wp-json\/wp\/v2\/media\/282"}],"wp:attachment":[{"href":"https:\/\/www.jiva.cz\/de\/wp-json\/wp\/v2\/media?parent=724"}],"curies":[{"name":"wp","href":"https:\/\/api.w.org\/{rel}","templated":true}]}}