{"id":726,"date":"2013-06-11T12:47:31","date_gmt":"2013-06-11T12:47:31","guid":{"rendered":"http:\/\/www.jiva.cz\/?page_id=726"},"modified":"2013-06-11T13:00:20","modified_gmt":"2013-06-11T13:00:20","slug":"zaune-turen-toren","status":"publish","type":"page","link":"https:\/\/www.jiva.cz\/de\/dienstleistungen\/haus-und-garten\/zaune-turen-toren","title":{"rendered":"Z\u00e4une, T\u00fcren, Toren"},"content":{"rendered":"<p>Edelstahlz\u00e4une sind sehr praktisch. Sie bed\u00fcrfen keiner Pflege, keines wiederholten Anstrichs zur Schutz vor klimatischen Einfl\u00fcssen usw. Sie sind best\u00e4ndig und halten auch mechanischer Besch\u00e4digung stand. Wir bieten Lieferung von Edelstahlz\u00e4unen, Eingangst\u00fcren bzw. Einfahrtstoren an.<\/p>\nngg_shortcode_0_placeholder\n","protected":false},"excerpt":{"rendered":"<p>Edelstahlz\u00e4une sind sehr praktisch. Sie bed\u00fcrfen keiner Pflege, keines wiederholten Anstrichs zur Schutz vor klimatischen Einfl\u00fcssen usw. Sie sind best\u00e4ndig und halten auch mechanischer Besch\u00e4digung stand. Wir bieten Lieferung von Edelstahlz\u00e4unen, Eingangst\u00fcren bzw. Einfahrtstoren an.<\/p>\n","protected":false},"author":2,"featured_media":282,"parent":722,"menu_order":0,"comment_status":"closed","ping_status":"closed","template":"","meta":{"ngg_post_thumbnail":0},"_links":{"self":[{"href":"https:\/\/www.jiva.cz\/de\/wp-json\/wp\/v2\/pages\/726"}],"collection":[{"href":"https:\/\/www.jiva.cz\/de\/wp-json\/wp\/v2\/pages"}],"about":[{"href":"https:\/\/www.jiva.cz\/de\/wp-json\/wp\/v2\/types\/page"}],"author":[{"embeddable":true,"href":"https:\/\/www.jiva.cz\/de\/wp-json\/wp\/v2\/users\/2"}],"replies":[{"embeddable":true,"href":"https:\/\/www.jiva.cz\/de\/wp-json\/wp\/v2\/comments?post=726"}],"version-history":[{"count":0,"href":"https:\/\/www.jiva.cz\/de\/wp-json\/wp\/v2\/pages\/726\/revisions"}],"up":[{"embeddable":true,"href":"https:\/\/www.jiva.cz\/de\/wp-json\/wp\/v2\/pages\/722"}],"wp:featuredmedia":[{"embeddable":true,"href":"https:\/\/www.jiva.cz\/de\/wp-json\/wp\/v2\/media\/282"}],"wp:attachment":[{"href":"https:\/\/www.jiva.cz\/de\/wp-json\/wp\/v2\/media?parent=726"}],"curies":[{"name":"wp","href":"https:\/\/api.w.org\/{rel}","templated":true}]}}