{"id":728,"date":"2013-06-11T12:48:10","date_gmt":"2013-06-11T12:48:10","guid":{"rendered":"http:\/\/www.jiva.cz\/?page_id=728"},"modified":"2013-06-19T07:27:28","modified_gmt":"2013-06-19T07:27:28","slug":"arbeits-und-konferenztische","status":"publish","type":"page","link":"https:\/\/www.jiva.cz\/de\/dienstleistungen\/haus-und-garten\/arbeits-und-konferenztische","title":{"rendered":"Arbeits- und Konferenztische"},"content":{"rendered":"<p>Genau nach den Kundenbed\u00fcrfnissen fertigen wir Arbeits- oder Konferenztische verschiedenen Formen und Baukonstruktionen, wobei selbstverst\u00e4ndlich ist die M\u00f6glichkeit, verschiedene Arten von verwendeten Materialien zu kombinieren. Die meisten Tische werden so konstruiert, damit die Platte einfach abnehmbar w\u00e4re.<\/p>\nngg_shortcode_0_placeholder\n","protected":false},"excerpt":{"rendered":"<p>Genau nach den Kundenbed\u00fcrfnissen fertigen wir Arbeits- oder Konferenztische verschiedenen Formen und Baukonstruktionen, wobei selbstverst\u00e4ndlich ist die M\u00f6glichkeit, verschiedene Arten von verwendeten Materialien zu kombinieren. Die meisten Tische werden so konstruiert, damit die Platte einfach abnehmbar w\u00e4re.<\/p>\n","protected":false},"author":2,"featured_media":282,"parent":722,"menu_order":0,"comment_status":"closed","ping_status":"closed","template":"","meta":{"ngg_post_thumbnail":0},"_links":{"self":[{"href":"https:\/\/www.jiva.cz\/de\/wp-json\/wp\/v2\/pages\/728"}],"collection":[{"href":"https:\/\/www.jiva.cz\/de\/wp-json\/wp\/v2\/pages"}],"about":[{"href":"https:\/\/www.jiva.cz\/de\/wp-json\/wp\/v2\/types\/page"}],"author":[{"embeddable":true,"href":"https:\/\/www.jiva.cz\/de\/wp-json\/wp\/v2\/users\/2"}],"replies":[{"embeddable":true,"href":"https:\/\/www.jiva.cz\/de\/wp-json\/wp\/v2\/comments?post=728"}],"version-history":[{"count":0,"href":"https:\/\/www.jiva.cz\/de\/wp-json\/wp\/v2\/pages\/728\/revisions"}],"up":[{"embeddable":true,"href":"https:\/\/www.jiva.cz\/de\/wp-json\/wp\/v2\/pages\/722"}],"wp:featuredmedia":[{"embeddable":true,"href":"https:\/\/www.jiva.cz\/de\/wp-json\/wp\/v2\/media\/282"}],"wp:attachment":[{"href":"https:\/\/www.jiva.cz\/de\/wp-json\/wp\/v2\/media?parent=728"}],"curies":[{"name":"wp","href":"https:\/\/api.w.org\/{rel}","templated":true}]}}