{"id":730,"date":"2013-06-11T12:49:00","date_gmt":"2013-06-11T12:49:00","guid":{"rendered":"http:\/\/www.jiva.cz\/?page_id=730"},"modified":"2013-06-11T13:01:41","modified_gmt":"2013-06-11T13:01:41","slug":"regale-und-ablagen","status":"publish","type":"page","link":"https:\/\/www.jiva.cz\/de\/dienstleistungen\/haus-und-garten\/regale-und-ablagen","title":{"rendered":"Regale und Ablagen"},"content":{"rendered":"<p>Elegante L\u00f6sungen, einfache Installation, hohe Tragf\u00e4higkeit und lange Haltbarkeit. So einfach k\u00f6nnte man die Regale und Ablagen beschreiben, die im Fertigungsprogramm nicht fehlen k\u00f6nnen. Abma\u00dfen, Aussehen, Anzahl der Ablagen usw., all das je nach den Kundenw\u00fcnschen.<\/p>\nngg_shortcode_0_placeholder\n","protected":false},"excerpt":{"rendered":"<p>Elegante L\u00f6sungen, einfache Installation, hohe Tragf\u00e4higkeit und lange Haltbarkeit. So einfach k\u00f6nnte man die Regale und Ablagen beschreiben, die im Fertigungsprogramm nicht fehlen k\u00f6nnen. Abma\u00dfen, Aussehen, Anzahl der Ablagen usw., all das je nach den Kundenw\u00fcnschen.<\/p>\n","protected":false},"author":2,"featured_media":282,"parent":722,"menu_order":0,"comment_status":"closed","ping_status":"closed","template":"","meta":{"ngg_post_thumbnail":0},"_links":{"self":[{"href":"https:\/\/www.jiva.cz\/de\/wp-json\/wp\/v2\/pages\/730"}],"collection":[{"href":"https:\/\/www.jiva.cz\/de\/wp-json\/wp\/v2\/pages"}],"about":[{"href":"https:\/\/www.jiva.cz\/de\/wp-json\/wp\/v2\/types\/page"}],"author":[{"embeddable":true,"href":"https:\/\/www.jiva.cz\/de\/wp-json\/wp\/v2\/users\/2"}],"replies":[{"embeddable":true,"href":"https:\/\/www.jiva.cz\/de\/wp-json\/wp\/v2\/comments?post=730"}],"version-history":[{"count":0,"href":"https:\/\/www.jiva.cz\/de\/wp-json\/wp\/v2\/pages\/730\/revisions"}],"up":[{"embeddable":true,"href":"https:\/\/www.jiva.cz\/de\/wp-json\/wp\/v2\/pages\/722"}],"wp:featuredmedia":[{"embeddable":true,"href":"https:\/\/www.jiva.cz\/de\/wp-json\/wp\/v2\/media\/282"}],"wp:attachment":[{"href":"https:\/\/www.jiva.cz\/de\/wp-json\/wp\/v2\/media?parent=730"}],"curies":[{"name":"wp","href":"https:\/\/api.w.org\/{rel}","templated":true}]}}