{"id":732,"date":"2013-06-11T12:49:53","date_gmt":"2013-06-11T12:49:53","guid":{"rendered":"http:\/\/www.jiva.cz\/?page_id=732"},"modified":"2013-06-19T07:28:12","modified_gmt":"2013-06-19T07:28:12","slug":"gartenmobel","status":"publish","type":"page","link":"https:\/\/www.jiva.cz\/de\/dienstleistungen\/haus-und-garten\/gartenmobel","title":{"rendered":"Gartenm\u00f6bel"},"content":{"rendered":"<p>Tische und St\u00fchle verschiedenster Gr\u00f6\u00dfen und Formen, positionierbare Gartenliegen. Grills und Holzschuppen. Auch diese Vorrichtungen in Edelstahlausf\u00fchrung verleihen dem Garten bzw. der Terrasse des Familienhauses, Restaurants und Bars ein einmaliges Aussehen und elegante L\u00f6sung. Alle Produkte muss man nur als Inspiration verstehen, denn hier werden der Fantasie des Kunden keine Grenzen gesetzt.<\/p>\nngg_shortcode_0_placeholder\n","protected":false},"excerpt":{"rendered":"<p>Tische und St\u00fchle verschiedenster Gr\u00f6\u00dfen und Formen, positionierbare Gartenliegen. Grills und Holzschuppen. Auch diese Vorrichtungen in Edelstahlausf\u00fchrung verleihen dem Garten bzw. der Terrasse des Familienhauses, Restaurants und Bars ein einmaliges Aussehen und elegante L\u00f6sung. Alle Produkte muss man nur als Inspiration verstehen, denn hier werden der Fantasie des Kunden keine Grenzen gesetzt.<\/p>\n","protected":false},"author":2,"featured_media":282,"parent":722,"menu_order":0,"comment_status":"closed","ping_status":"closed","template":"","meta":{"ngg_post_thumbnail":0},"_links":{"self":[{"href":"https:\/\/www.jiva.cz\/de\/wp-json\/wp\/v2\/pages\/732"}],"collection":[{"href":"https:\/\/www.jiva.cz\/de\/wp-json\/wp\/v2\/pages"}],"about":[{"href":"https:\/\/www.jiva.cz\/de\/wp-json\/wp\/v2\/types\/page"}],"author":[{"embeddable":true,"href":"https:\/\/www.jiva.cz\/de\/wp-json\/wp\/v2\/users\/2"}],"replies":[{"embeddable":true,"href":"https:\/\/www.jiva.cz\/de\/wp-json\/wp\/v2\/comments?post=732"}],"version-history":[{"count":0,"href":"https:\/\/www.jiva.cz\/de\/wp-json\/wp\/v2\/pages\/732\/revisions"}],"up":[{"embeddable":true,"href":"https:\/\/www.jiva.cz\/de\/wp-json\/wp\/v2\/pages\/722"}],"wp:featuredmedia":[{"embeddable":true,"href":"https:\/\/www.jiva.cz\/de\/wp-json\/wp\/v2\/media\/282"}],"wp:attachment":[{"href":"https:\/\/www.jiva.cz\/de\/wp-json\/wp\/v2\/media?parent=732"}],"curies":[{"name":"wp","href":"https:\/\/api.w.org\/{rel}","templated":true}]}}