{"id":734,"date":"2013-06-11T12:50:32","date_gmt":"2013-06-11T12:50:32","guid":{"rendered":"http:\/\/www.jiva.cz\/?page_id=734"},"modified":"2013-06-19T07:28:48","modified_gmt":"2013-06-19T07:28:48","slug":"stuhle","status":"publish","type":"page","link":"https:\/\/www.jiva.cz\/de\/dienstleistungen\/haus-und-garten\/stuhle","title":{"rendered":"St\u00fchle"},"content":{"rendered":"<p>Genau nach den Anforderungen fertigen wir St\u00fchle mit verschiedener Form, Baukonstruktion und Verwendung, wobei selbstverst\u00e4ndlich ist die M\u00f6glichkeit der Kombination von verschiedensten verwendeten Materialien.<\/p>\nngg_shortcode_0_placeholder\n","protected":false},"excerpt":{"rendered":"<p>Genau nach den Anforderungen fertigen wir St\u00fchle mit verschiedener Form, Baukonstruktion und Verwendung, wobei selbstverst\u00e4ndlich ist die M\u00f6glichkeit der Kombination von verschiedensten verwendeten Materialien.<\/p>\n","protected":false},"author":2,"featured_media":282,"parent":722,"menu_order":0,"comment_status":"closed","ping_status":"closed","template":"","meta":{"ngg_post_thumbnail":0},"_links":{"self":[{"href":"https:\/\/www.jiva.cz\/de\/wp-json\/wp\/v2\/pages\/734"}],"collection":[{"href":"https:\/\/www.jiva.cz\/de\/wp-json\/wp\/v2\/pages"}],"about":[{"href":"https:\/\/www.jiva.cz\/de\/wp-json\/wp\/v2\/types\/page"}],"author":[{"embeddable":true,"href":"https:\/\/www.jiva.cz\/de\/wp-json\/wp\/v2\/users\/2"}],"replies":[{"embeddable":true,"href":"https:\/\/www.jiva.cz\/de\/wp-json\/wp\/v2\/comments?post=734"}],"version-history":[{"count":0,"href":"https:\/\/www.jiva.cz\/de\/wp-json\/wp\/v2\/pages\/734\/revisions"}],"up":[{"embeddable":true,"href":"https:\/\/www.jiva.cz\/de\/wp-json\/wp\/v2\/pages\/722"}],"wp:featuredmedia":[{"embeddable":true,"href":"https:\/\/www.jiva.cz\/de\/wp-json\/wp\/v2\/media\/282"}],"wp:attachment":[{"href":"https:\/\/www.jiva.cz\/de\/wp-json\/wp\/v2\/media?parent=734"}],"curies":[{"name":"wp","href":"https:\/\/api.w.org\/{rel}","templated":true}]}}