{"id":749,"date":"2013-06-11T13:04:10","date_gmt":"2013-06-11T13:04:10","guid":{"rendered":"http:\/\/www.jiva.cz\/?page_id=749"},"modified":"2014-08-13T21:35:17","modified_gmt":"2014-08-13T21:35:17","slug":"gastronomie","status":"publish","type":"page","link":"https:\/\/www.jiva.cz\/de\/dienstleistungen\/gastronomie","title":{"rendered":"Gastronomie"},"content":{"rendered":"<p>Die Herstellung der gastronomischen Einrichtung ist eine der Haupts\u00e4ulen des Fertigungsprogramms der Firma Jiva Jir\u00e1k. Die langj\u00e4hrigen Erfahrungen auf diesem Gebiet garantieren Qualit\u00e4t, Funktionalit\u00e4t und Zeitlosigkeit unserer Produkte. Die realisierten Projekte zeigten, dass Sie auch bei der umfangreichsten gastronomischen Investition mit uns keine Angst brauchen. Beratung, Projekte, L\u00f6sungsvorschl\u00e4ge, Fertigung, Lieferung, Montage, Service, das alles ist Jiva Jir\u00e1k.<\/p>\n","protected":false},"excerpt":{"rendered":"<p>Die Herstellung der gastronomischen Einrichtung ist eine der Haupts\u00e4ulen des Fertigungsprogramms der Firma Jiva Jir\u00e1k. Die langj\u00e4hrigen Erfahrungen auf diesem Gebiet garantieren Qualit\u00e4t, Funktionalit\u00e4t und Zeitlosigkeit unserer Produkte. Die realisierten Projekte zeigten, dass Sie auch bei der umfangreichsten gastronomischen Investition mit uns keine Angst brauchen. Beratung, Projekte, L\u00f6sungsvorschl\u00e4ge, Fertigung, Lieferung, Montage, Service, das alles ist [&hellip;]<\/p>\n","protected":false},"author":2,"featured_media":1762,"parent":757,"menu_order":0,"comment_status":"closed","ping_status":"closed","template":"","meta":{"ngg_post_thumbnail":0},"_links":{"self":[{"href":"https:\/\/www.jiva.cz\/de\/wp-json\/wp\/v2\/pages\/749"}],"collection":[{"href":"https:\/\/www.jiva.cz\/de\/wp-json\/wp\/v2\/pages"}],"about":[{"href":"https:\/\/www.jiva.cz\/de\/wp-json\/wp\/v2\/types\/page"}],"author":[{"embeddable":true,"href":"https:\/\/www.jiva.cz\/de\/wp-json\/wp\/v2\/users\/2"}],"replies":[{"embeddable":true,"href":"https:\/\/www.jiva.cz\/de\/wp-json\/wp\/v2\/comments?post=749"}],"version-history":[{"count":0,"href":"https:\/\/www.jiva.cz\/de\/wp-json\/wp\/v2\/pages\/749\/revisions"}],"up":[{"embeddable":true,"href":"https:\/\/www.jiva.cz\/de\/wp-json\/wp\/v2\/pages\/757"}],"wp:featuredmedia":[{"embeddable":true,"href":"https:\/\/www.jiva.cz\/de\/wp-json\/wp\/v2\/media\/1762"}],"wp:attachment":[{"href":"https:\/\/www.jiva.cz\/de\/wp-json\/wp\/v2\/media?parent=749"}],"curies":[{"name":"wp","href":"https:\/\/api.w.org\/{rel}","templated":true}]}}