{"id":753,"date":"2013-06-11T13:10:21","date_gmt":"2013-06-11T13:10:21","guid":{"rendered":"http:\/\/www.jiva.cz\/?page_id=753"},"modified":"2013-09-02T10:19:11","modified_gmt":"2013-09-02T10:19:11","slug":"kontakt-2","status":"publish","type":"page","link":"https:\/\/www.jiva.cz\/de\/kontakt-2","title":{"rendered":"Kontakt"},"content":{"rendered":"<h2>Wo finden Sie uns?<\/h2>\n<p>Unsere Firma befindet sich in Vestec bei Prag nur einige Kilometer von Prag, Richtung Bene\u0161ov, entfernt. In diesem Ort befinden sich auch die Zentrale unserer Firma, sowie die Fertigung. Setzen Sie sich f\u00fcr die erste Kontaktaufnahme mit unserer Gesch\u00e4ftsabteilung in Verbindung.<\/p>\n<div class=\"grid-row\">\n<div class=\"col i6\">\n<p><b>JIVA-JIR\u00c1K spol. s r.o.<\/b><br \/>\nK Jahod\u00e1rn? 170, Vestec u Prahy, 252 42 post Jesenice<br \/>\n<strong>Tel.<\/strong>: 241 931 828<br \/>\n<strong>Fax<\/strong>: 241 932 062<br \/>\n<strong>E-mail<\/strong>:\u00a0<a title=\"Jiva\" href=\"mailto:info@jiva.cz\">info@jiva.cz<\/a><\/p>\n<p><a title=\"Mapa\" href=\"https:\/\/maps.google.com\/maps?q=K+Jahod%C3%A1rn%C4%9B+170,+Vestec+u+Prahy&amp;hl=en&amp;ie=UTF8&amp;ll=49.980605,14.505558&amp;spn=0.012529,0.033023&amp;sll=37.0625,-95.677068&amp;sspn=62.057085,135.263672&amp;hnear=K+Jahod%C3%A1rn%C4%9B+170,+252+42+Vestec,+Czech+Republic&amp;t=m&amp;z=16\" target=\"_blank\"><img loading=\"lazy\" alt=\"mapa.jpg, 51kB\" src=\"http:\/\/www.jiva.cz\/wp-content\/uploads\/2013\/04\/mapa.jpg\" width=\"411\" height=\"233\" \/><\/a><\/p>\n<\/div>\n<div class=\"col i6 no-print\">\n<h2>Kontaktformular<\/h2>\n<p>Schreiben Sie uns<\/p>\n<p>[contact-form-7 id=&#8220;908&#8243;]<\/p>\n<\/div>\n<\/div>\n","protected":false},"excerpt":{"rendered":"<p>Wo finden Sie uns? Unsere Firma befindet sich in Vestec bei Prag nur einige Kilometer von Prag, Richtung Bene\u0161ov, entfernt. In diesem Ort befinden sich auch die Zentrale unserer Firma, sowie die Fertigung. Setzen Sie sich f\u00fcr die erste Kontaktaufnahme mit unserer Gesch\u00e4ftsabteilung in Verbindung. JIVA-JIR\u00c1K spol. s r.o. K Jahod\u00e1rn? 170, Vestec u Prahy, [&hellip;]<\/p>\n","protected":false},"author":2,"featured_media":1448,"parent":0,"menu_order":0,"comment_status":"closed","ping_status":"closed","template":"tpl_contact.php","meta":{"ngg_post_thumbnail":0},"_links":{"self":[{"href":"https:\/\/www.jiva.cz\/de\/wp-json\/wp\/v2\/pages\/753"}],"collection":[{"href":"https:\/\/www.jiva.cz\/de\/wp-json\/wp\/v2\/pages"}],"about":[{"href":"https:\/\/www.jiva.cz\/de\/wp-json\/wp\/v2\/types\/page"}],"author":[{"embeddable":true,"href":"https:\/\/www.jiva.cz\/de\/wp-json\/wp\/v2\/users\/2"}],"replies":[{"embeddable":true,"href":"https:\/\/www.jiva.cz\/de\/wp-json\/wp\/v2\/comments?post=753"}],"version-history":[{"count":0,"href":"https:\/\/www.jiva.cz\/de\/wp-json\/wp\/v2\/pages\/753\/revisions"}],"wp:featuredmedia":[{"embeddable":true,"href":"https:\/\/www.jiva.cz\/de\/wp-json\/wp\/v2\/media\/1448"}],"wp:attachment":[{"href":"https:\/\/www.jiva.cz\/de\/wp-json\/wp\/v2\/media?parent=753"}],"curies":[{"name":"wp","href":"https:\/\/api.w.org\/{rel}","templated":true}]}}