{"id":759,"date":"2013-06-11T13:12:26","date_gmt":"2013-06-11T13:12:26","guid":{"rendered":"http:\/\/www.jiva.cz\/?page_id=759"},"modified":"2014-08-13T21:36:47","modified_gmt":"2014-08-13T21:36:47","slug":"mobiliar","status":"publish","type":"page","link":"https:\/\/www.jiva.cz\/de\/dienstleistungen\/mobiliar","title":{"rendered":"Mobiliar"},"content":{"rendered":"<p>Die Firma Jiva Jir\u00e1k bietet eine Produktenreihe, die f\u00fcr \u00f6ffentliche Gel\u00e4nde, Parks, Hallen, Dielen bestimmt ist. Bei allen Produkten garantieren wir eine qualit\u00e4tvolle Ausf\u00fchrung, ein modernes Aussehen und eine lange Lebensdauer. Es ist nicht n\u00f6tig, nur Produkte aus den Katalogen auszuw\u00e4hlen, wir k\u00f6nnen alles auf Auftrag fertigen und uns den Kundenanforderungen anpassen.<\/p>\n","protected":false},"excerpt":{"rendered":"<p>Die Firma Jiva Jir\u00e1k bietet eine Produktenreihe, die f\u00fcr \u00f6ffentliche Gel\u00e4nde, Parks, Hallen, Dielen bestimmt ist. Bei allen Produkten garantieren wir eine qualit\u00e4tvolle Ausf\u00fchrung, ein modernes Aussehen und eine lange Lebensdauer. Es ist nicht n\u00f6tig, nur Produkte aus den Katalogen auszuw\u00e4hlen, wir k\u00f6nnen alles auf Auftrag fertigen und uns den Kundenanforderungen anpassen.<\/p>\n","protected":false},"author":2,"featured_media":1761,"parent":757,"menu_order":0,"comment_status":"closed","ping_status":"closed","template":"","meta":{"ngg_post_thumbnail":0},"_links":{"self":[{"href":"https:\/\/www.jiva.cz\/de\/wp-json\/wp\/v2\/pages\/759"}],"collection":[{"href":"https:\/\/www.jiva.cz\/de\/wp-json\/wp\/v2\/pages"}],"about":[{"href":"https:\/\/www.jiva.cz\/de\/wp-json\/wp\/v2\/types\/page"}],"author":[{"embeddable":true,"href":"https:\/\/www.jiva.cz\/de\/wp-json\/wp\/v2\/users\/2"}],"replies":[{"embeddable":true,"href":"https:\/\/www.jiva.cz\/de\/wp-json\/wp\/v2\/comments?post=759"}],"version-history":[{"count":0,"href":"https:\/\/www.jiva.cz\/de\/wp-json\/wp\/v2\/pages\/759\/revisions"}],"up":[{"embeddable":true,"href":"https:\/\/www.jiva.cz\/de\/wp-json\/wp\/v2\/pages\/757"}],"wp:featuredmedia":[{"embeddable":true,"href":"https:\/\/www.jiva.cz\/de\/wp-json\/wp\/v2\/media\/1761"}],"wp:attachment":[{"href":"https:\/\/www.jiva.cz\/de\/wp-json\/wp\/v2\/media?parent=759"}],"curies":[{"name":"wp","href":"https:\/\/api.w.org\/{rel}","templated":true}]}}