{"id":761,"date":"2013-06-11T13:50:28","date_gmt":"2013-06-11T13:50:28","guid":{"rendered":"http:\/\/www.jiva.cz\/?page_id=761"},"modified":"2013-11-08T13:37:27","modified_gmt":"2013-11-08T13:37:27","slug":"bauwesen","status":"publish","type":"page","link":"https:\/\/www.jiva.cz\/de\/dienstleistungen\/bauwesen","title":{"rendered":"Bauwesen"},"content":{"rendered":"<p>Die Firma Jiva Jir\u00e1k fertigt neben ihrem umfangreichen Fertigungsprogramm flexibel auch kundenspezifische Produkte f\u00fcr den Bereich Bauwesen, und das dank Erfahrungen aus der Planung und Fertigung von Edelstahleinrichtungen f\u00fcr Gro\u00dfk\u00fcchen und medizinische Einrichtungen. Vieles davon kann man auch f\u00fcr die Ausstattung im privaten Bereich und f\u00fcr den Betrieb von Firmen mit einer anderen Ausrichtung nutzen.<\/p>\n","protected":false},"excerpt":{"rendered":"<p>Die Firma Jiva Jir\u00e1k fertigt neben ihrem umfangreichen Fertigungsprogramm flexibel auch kundenspezifische Produkte f\u00fcr den Bereich Bauwesen, und das dank Erfahrungen aus der Planung und Fertigung von Edelstahleinrichtungen f\u00fcr Gro\u00dfk\u00fcchen und medizinische Einrichtungen. Vieles davon kann man auch f\u00fcr die Ausstattung im privaten Bereich und f\u00fcr den Betrieb von Firmen mit einer anderen Ausrichtung nutzen.<\/p>\n","protected":false},"author":2,"featured_media":1587,"parent":757,"menu_order":0,"comment_status":"closed","ping_status":"closed","template":"","meta":{"ngg_post_thumbnail":0},"_links":{"self":[{"href":"https:\/\/www.jiva.cz\/de\/wp-json\/wp\/v2\/pages\/761"}],"collection":[{"href":"https:\/\/www.jiva.cz\/de\/wp-json\/wp\/v2\/pages"}],"about":[{"href":"https:\/\/www.jiva.cz\/de\/wp-json\/wp\/v2\/types\/page"}],"author":[{"embeddable":true,"href":"https:\/\/www.jiva.cz\/de\/wp-json\/wp\/v2\/users\/2"}],"replies":[{"embeddable":true,"href":"https:\/\/www.jiva.cz\/de\/wp-json\/wp\/v2\/comments?post=761"}],"version-history":[{"count":0,"href":"https:\/\/www.jiva.cz\/de\/wp-json\/wp\/v2\/pages\/761\/revisions"}],"up":[{"embeddable":true,"href":"https:\/\/www.jiva.cz\/de\/wp-json\/wp\/v2\/pages\/757"}],"wp:featuredmedia":[{"embeddable":true,"href":"https:\/\/www.jiva.cz\/de\/wp-json\/wp\/v2\/media\/1587"}],"wp:attachment":[{"href":"https:\/\/www.jiva.cz\/de\/wp-json\/wp\/v2\/media?parent=761"}],"curies":[{"name":"wp","href":"https:\/\/api.w.org\/{rel}","templated":true}]}}