{"id":762,"date":"2013-06-11T13:13:36","date_gmt":"2013-06-11T13:13:36","guid":{"rendered":"http:\/\/www.jiva.cz\/?page_id=762"},"modified":"2013-06-13T10:15:29","modified_gmt":"2013-06-13T10:15:29","slug":"gesundheitswesen","status":"publish","type":"page","link":"https:\/\/www.jiva.cz\/de\/dienstleistungen\/gesundheitswesen","title":{"rendered":"Gesundheitswesen"},"content":{"rendered":"<p>Die zweite Haupts\u00e4ule des Fertigungsprogramms der Firma Jiva Jir\u00e1k ist die Edelstahlausstattung f\u00fcr Gesundheitswesen. Die pr\u00e4zise Ausf\u00fchrung, Funktionalit\u00e4t und Erf\u00fcllung von hygienischen Normen, das ist nur eine teilweise Charakteristik der gelieferten Produkte. Es reicht, wenn Sie uns sagen, was Sie brauchen, und den Rest \u00fcberlassen Sie schon uns. Wir werden die gew\u00fcnschte Ausstattung fertigen, liefern und vor Ort aufstellen.<\/p>\n","protected":false},"excerpt":{"rendered":"<p>Die zweite Haupts\u00e4ule des Fertigungsprogramms der Firma Jiva Jir\u00e1k ist die Edelstahlausstattung f\u00fcr Gesundheitswesen. Die pr\u00e4zise Ausf\u00fchrung, Funktionalit\u00e4t und Erf\u00fcllung von hygienischen Normen, das ist nur eine teilweise Charakteristik der gelieferten Produkte. Es reicht, wenn Sie uns sagen, was Sie brauchen, und den Rest \u00fcberlassen Sie schon uns. Wir werden die gew\u00fcnschte Ausstattung fertigen, liefern [&hellip;]<\/p>\n","protected":false},"author":2,"featured_media":278,"parent":757,"menu_order":0,"comment_status":"closed","ping_status":"closed","template":"","meta":{"ngg_post_thumbnail":0},"_links":{"self":[{"href":"https:\/\/www.jiva.cz\/de\/wp-json\/wp\/v2\/pages\/762"}],"collection":[{"href":"https:\/\/www.jiva.cz\/de\/wp-json\/wp\/v2\/pages"}],"about":[{"href":"https:\/\/www.jiva.cz\/de\/wp-json\/wp\/v2\/types\/page"}],"author":[{"embeddable":true,"href":"https:\/\/www.jiva.cz\/de\/wp-json\/wp\/v2\/users\/2"}],"replies":[{"embeddable":true,"href":"https:\/\/www.jiva.cz\/de\/wp-json\/wp\/v2\/comments?post=762"}],"version-history":[{"count":0,"href":"https:\/\/www.jiva.cz\/de\/wp-json\/wp\/v2\/pages\/762\/revisions"}],"up":[{"embeddable":true,"href":"https:\/\/www.jiva.cz\/de\/wp-json\/wp\/v2\/pages\/757"}],"wp:featuredmedia":[{"embeddable":true,"href":"https:\/\/www.jiva.cz\/de\/wp-json\/wp\/v2\/media\/278"}],"wp:attachment":[{"href":"https:\/\/www.jiva.cz\/de\/wp-json\/wp\/v2\/media?parent=762"}],"curies":[{"name":"wp","href":"https:\/\/api.w.org\/{rel}","templated":true}]}}