{"id":796,"date":"2013-06-12T12:32:43","date_gmt":"2013-06-12T12:32:43","guid":{"rendered":"http:\/\/www.jiva.cz\/?page_id=796"},"modified":"2013-06-13T08:20:28","modified_gmt":"2013-06-13T08:20:28","slug":"schlusselfertige-ausfuhrung","status":"publish","type":"page","link":"https:\/\/www.jiva.cz\/de\/dienstleistungen\/gastronomie\/schlusselfertige-ausfuhrung","title":{"rendered":"Schl\u00fcsselfertige Ausf\u00fchrung"},"content":{"rendered":"<p>Wollen Sie sich keine Sorgen machen, wie Sie die Zulieferanten verschiedener Produkte und Professionen, die Sie zur Einrichtung Ihrer Betriebsst\u00e4tte brauchen, finden? Erschreckt Sie die Vorstellung einer zeitlichen Koordinierung der zusammenh\u00e4ngenden T\u00e4tigkeiten? Dann brauchen Sie keine Angst zu haben, uns die Umsetzung des schl\u00fcsselfertigen Projekts anzuvertrauen. Wir k\u00fcmmern uns um alles und \u00fcbernehmen den Auftrag als Ganzes.<\/p>\nngg_shortcode_0_placeholder\n","protected":false},"excerpt":{"rendered":"<p>Wollen Sie sich keine Sorgen machen, wie Sie die Zulieferanten verschiedener Produkte und Professionen, die Sie zur Einrichtung Ihrer Betriebsst\u00e4tte brauchen, finden? Erschreckt Sie die Vorstellung einer zeitlichen Koordinierung der zusammenh\u00e4ngenden T\u00e4tigkeiten? Dann brauchen Sie keine Angst zu haben, uns die Umsetzung des schl\u00fcsselfertigen Projekts anzuvertrauen. Wir k\u00fcmmern uns um alles und \u00fcbernehmen den Auftrag [&hellip;]<\/p>\n","protected":false},"author":2,"featured_media":275,"parent":749,"menu_order":0,"comment_status":"closed","ping_status":"closed","template":"","meta":{"ngg_post_thumbnail":0},"_links":{"self":[{"href":"https:\/\/www.jiva.cz\/de\/wp-json\/wp\/v2\/pages\/796"}],"collection":[{"href":"https:\/\/www.jiva.cz\/de\/wp-json\/wp\/v2\/pages"}],"about":[{"href":"https:\/\/www.jiva.cz\/de\/wp-json\/wp\/v2\/types\/page"}],"author":[{"embeddable":true,"href":"https:\/\/www.jiva.cz\/de\/wp-json\/wp\/v2\/users\/2"}],"replies":[{"embeddable":true,"href":"https:\/\/www.jiva.cz\/de\/wp-json\/wp\/v2\/comments?post=796"}],"version-history":[{"count":0,"href":"https:\/\/www.jiva.cz\/de\/wp-json\/wp\/v2\/pages\/796\/revisions"}],"up":[{"embeddable":true,"href":"https:\/\/www.jiva.cz\/de\/wp-json\/wp\/v2\/pages\/749"}],"wp:featuredmedia":[{"embeddable":true,"href":"https:\/\/www.jiva.cz\/de\/wp-json\/wp\/v2\/media\/275"}],"wp:attachment":[{"href":"https:\/\/www.jiva.cz\/de\/wp-json\/wp\/v2\/media?parent=796"}],"curies":[{"name":"wp","href":"https:\/\/api.w.org\/{rel}","templated":true}]}}