{"id":798,"date":"2013-06-12T12:33:42","date_gmt":"2013-06-12T12:33:42","guid":{"rendered":"http:\/\/www.jiva.cz\/?page_id=798"},"modified":"2013-06-13T08:20:45","modified_gmt":"2013-06-13T08:20:45","slug":"forderer","status":"publish","type":"page","link":"https:\/\/www.jiva.cz\/de\/dienstleistungen\/gastronomie\/forderer","title":{"rendered":"F\u00f6rderer"},"content":{"rendered":"<p>Vorbei ist die Zeit der Ausgabefenstern, die mit gebrauchtem Geschirr \u00fcberf\u00fcllt sind und einer Bedienung, die es nicht schafft, sie zu entnehmen. W\u00e4hlen Sie eine innovative L\u00f6sung. Unsere Firma fertigt kundenspezifische Dreh- oder Bandf\u00f6rderer f\u00fcr gebrauchtes Geschirr, die sich mit der Funktionalit\u00e4t, Geschwindigkeit, einfacher Bedienung auszeichnen und die das ungewollte Reinschauen der Kostnehmer in den Bereich, wo Geschirr gesp\u00fclt wird, verhindern.<\/p>\nngg_shortcode_0_placeholder\n","protected":false},"excerpt":{"rendered":"<p>Vorbei ist die Zeit der Ausgabefenstern, die mit gebrauchtem Geschirr \u00fcberf\u00fcllt sind und einer Bedienung, die es nicht schafft, sie zu entnehmen. W\u00e4hlen Sie eine innovative L\u00f6sung. Unsere Firma fertigt kundenspezifische Dreh- oder Bandf\u00f6rderer f\u00fcr gebrauchtes Geschirr, die sich mit der Funktionalit\u00e4t, Geschwindigkeit, einfacher Bedienung auszeichnen und die das ungewollte Reinschauen der Kostnehmer in den [&hellip;]<\/p>\n","protected":false},"author":2,"featured_media":275,"parent":749,"menu_order":0,"comment_status":"closed","ping_status":"closed","template":"","meta":{"ngg_post_thumbnail":0},"_links":{"self":[{"href":"https:\/\/www.jiva.cz\/de\/wp-json\/wp\/v2\/pages\/798"}],"collection":[{"href":"https:\/\/www.jiva.cz\/de\/wp-json\/wp\/v2\/pages"}],"about":[{"href":"https:\/\/www.jiva.cz\/de\/wp-json\/wp\/v2\/types\/page"}],"author":[{"embeddable":true,"href":"https:\/\/www.jiva.cz\/de\/wp-json\/wp\/v2\/users\/2"}],"replies":[{"embeddable":true,"href":"https:\/\/www.jiva.cz\/de\/wp-json\/wp\/v2\/comments?post=798"}],"version-history":[{"count":0,"href":"https:\/\/www.jiva.cz\/de\/wp-json\/wp\/v2\/pages\/798\/revisions"}],"up":[{"embeddable":true,"href":"https:\/\/www.jiva.cz\/de\/wp-json\/wp\/v2\/pages\/749"}],"wp:featuredmedia":[{"embeddable":true,"href":"https:\/\/www.jiva.cz\/de\/wp-json\/wp\/v2\/media\/275"}],"wp:attachment":[{"href":"https:\/\/www.jiva.cz\/de\/wp-json\/wp\/v2\/media?parent=798"}],"curies":[{"name":"wp","href":"https:\/\/api.w.org\/{rel}","templated":true}]}}