{"id":801,"date":"2013-06-12T12:35:15","date_gmt":"2013-06-12T12:35:15","guid":{"rendered":"http:\/\/www.jiva.cz\/?page_id=801"},"modified":"2013-06-13T08:21:00","modified_gmt":"2013-06-13T08:21:00","slug":"kuche","status":"publish","type":"page","link":"https:\/\/www.jiva.cz\/de\/dienstleistungen\/gastronomie\/kuche","title":{"rendered":"K\u00fcche"},"content":{"rendered":"<p>Unsere Firma liefert nach den Kundenanforderungen und -bed\u00fcrfnissen die Ausstattung in gastronomische Betriebe entweder als Ganzes oder nur die ausgew\u00e4hlten gew\u00fcnschten Produkte. Die eigentlichen K\u00fcchen inkl. deren Ausstattung k\u00f6nnen mit Technologien von verschiedenen Herstellern nach den Kundenvorstellungen und dem Umfang der Finanzmittel, die Sie investieren wollen, ausgestattet werden. Man kann eine Technologie liefern, die finanz- sowie qualit\u00e4tsm\u00e4\u00dfig zu der mittleren oder aber zur spitzenm\u00e4\u00dfigen, also teueren Klasse geh\u00f6rt. Der definitive Entwurf und die L\u00f6sung ergeben sich aus den gegenseitigen R\u00fccksprachen zwischen der Handelsabteilung und dem Kunden.<\/p>\nngg_shortcode_0_placeholder\n","protected":false},"excerpt":{"rendered":"<p>Unsere Firma liefert nach den Kundenanforderungen und -bed\u00fcrfnissen die Ausstattung in gastronomische Betriebe entweder als Ganzes oder nur die ausgew\u00e4hlten gew\u00fcnschten Produkte. Die eigentlichen K\u00fcchen inkl. deren Ausstattung k\u00f6nnen mit Technologien von verschiedenen Herstellern nach den Kundenvorstellungen und dem Umfang der Finanzmittel, die Sie investieren wollen, ausgestattet werden. Man kann eine Technologie liefern, die finanz- [&hellip;]<\/p>\n","protected":false},"author":2,"featured_media":275,"parent":749,"menu_order":0,"comment_status":"closed","ping_status":"closed","template":"","meta":{"ngg_post_thumbnail":0},"_links":{"self":[{"href":"https:\/\/www.jiva.cz\/de\/wp-json\/wp\/v2\/pages\/801"}],"collection":[{"href":"https:\/\/www.jiva.cz\/de\/wp-json\/wp\/v2\/pages"}],"about":[{"href":"https:\/\/www.jiva.cz\/de\/wp-json\/wp\/v2\/types\/page"}],"author":[{"embeddable":true,"href":"https:\/\/www.jiva.cz\/de\/wp-json\/wp\/v2\/users\/2"}],"replies":[{"embeddable":true,"href":"https:\/\/www.jiva.cz\/de\/wp-json\/wp\/v2\/comments?post=801"}],"version-history":[{"count":0,"href":"https:\/\/www.jiva.cz\/de\/wp-json\/wp\/v2\/pages\/801\/revisions"}],"up":[{"embeddable":true,"href":"https:\/\/www.jiva.cz\/de\/wp-json\/wp\/v2\/pages\/749"}],"wp:featuredmedia":[{"embeddable":true,"href":"https:\/\/www.jiva.cz\/de\/wp-json\/wp\/v2\/media\/275"}],"wp:attachment":[{"href":"https:\/\/www.jiva.cz\/de\/wp-json\/wp\/v2\/media?parent=801"}],"curies":[{"name":"wp","href":"https:\/\/api.w.org\/{rel}","templated":true}]}}