{"id":819,"date":"2013-06-13T08:26:03","date_gmt":"2013-06-13T08:26:03","guid":{"rendered":"http:\/\/www.jiva.cz\/?page_id=819"},"modified":"2013-06-13T09:44:42","modified_gmt":"2013-06-13T09:44:42","slug":"accessoires","status":"publish","type":"page","link":"https:\/\/www.jiva.cz\/de\/dienstleistungen\/mobiliar\/accessoires","title":{"rendered":"Accessoires"},"content":{"rendered":"<p>In dieser Kategorie findet alles Platz, was man in keine Gruppe der Katalogprodukte einordnen kann. Als Beispiel kann man z. B. Ummantelung einer bewaldeten Fl\u00e4che nennen, wo die Form, Abma\u00dfen und Ausf\u00fchrung genau nach den Anforderungen des Kunden ausgef\u00fchrt werden. Die M\u00f6glichkeiten der kundenspezifischen Produktion sind sehr breit. Die Firma Jiva Jir\u00e1k hat z. B. nach Auftrag die Aufschrift der Bezeichnung des Hauptbahnhofs in Prag f\u00fcr die Tschechische Bahn hergestellt.<\/p>\nngg_shortcode_0_placeholder\n","protected":false},"excerpt":{"rendered":"<p>In dieser Kategorie findet alles Platz, was man in keine Gruppe der Katalogprodukte einordnen kann. Als Beispiel kann man z. B. Ummantelung einer bewaldeten Fl\u00e4che nennen, wo die Form, Abma\u00dfen und Ausf\u00fchrung genau nach den Anforderungen des Kunden ausgef\u00fchrt werden. Die M\u00f6glichkeiten der kundenspezifischen Produktion sind sehr breit. Die Firma Jiva Jir\u00e1k hat z. B. [&hellip;]<\/p>\n","protected":false},"author":2,"featured_media":280,"parent":759,"menu_order":0,"comment_status":"closed","ping_status":"closed","template":"","meta":{"ngg_post_thumbnail":0},"_links":{"self":[{"href":"https:\/\/www.jiva.cz\/de\/wp-json\/wp\/v2\/pages\/819"}],"collection":[{"href":"https:\/\/www.jiva.cz\/de\/wp-json\/wp\/v2\/pages"}],"about":[{"href":"https:\/\/www.jiva.cz\/de\/wp-json\/wp\/v2\/types\/page"}],"author":[{"embeddable":true,"href":"https:\/\/www.jiva.cz\/de\/wp-json\/wp\/v2\/users\/2"}],"replies":[{"embeddable":true,"href":"https:\/\/www.jiva.cz\/de\/wp-json\/wp\/v2\/comments?post=819"}],"version-history":[{"count":0,"href":"https:\/\/www.jiva.cz\/de\/wp-json\/wp\/v2\/pages\/819\/revisions"}],"up":[{"embeddable":true,"href":"https:\/\/www.jiva.cz\/de\/wp-json\/wp\/v2\/pages\/759"}],"wp:featuredmedia":[{"embeddable":true,"href":"https:\/\/www.jiva.cz\/de\/wp-json\/wp\/v2\/media\/280"}],"wp:attachment":[{"href":"https:\/\/www.jiva.cz\/de\/wp-json\/wp\/v2\/media?parent=819"}],"curies":[{"name":"wp","href":"https:\/\/api.w.org\/{rel}","templated":true}]}}