{"id":823,"date":"2013-06-13T08:31:10","date_gmt":"2013-06-13T08:31:10","guid":{"rendered":"http:\/\/www.jiva.cz\/?page_id=823"},"modified":"2013-06-13T09:47:05","modified_gmt":"2013-06-13T09:47:05","slug":"edelstahl-trinkstellen-und-brunnen","status":"publish","type":"page","link":"https:\/\/www.jiva.cz\/de\/dienstleistungen\/mobiliar\/edelstahl-trinkstellen-und-brunnen","title":{"rendered":"Edelstahl Trinkstellen und Brunnen"},"content":{"rendered":"<p>Die St\u00e4nder von \u00f6ffentlichen Trinkstellen bestehen aus der eigentlichen S\u00e4ule, dem Einlass, dem Abfluss, der sich unterhalb der Armatur und vor dem St\u00e4nder befindet und der eigentlichen Wasserarmatur. Die S\u00e4ule ist im Boden \u2013 dem Fundament der Trinkstelle \u2013 geankert.<\/p>\nngg_shortcode_0_placeholder\n<p>&nbsp;<\/p>\n","protected":false},"excerpt":{"rendered":"<p>Die St\u00e4nder von \u00f6ffentlichen Trinkstellen bestehen aus der eigentlichen S\u00e4ule, dem Einlass, dem Abfluss, der sich unterhalb der Armatur und vor dem St\u00e4nder befindet und der eigentlichen Wasserarmatur. Die S\u00e4ule ist im Boden \u2013 dem Fundament der Trinkstelle \u2013 geankert. &nbsp;<\/p>\n","protected":false},"author":2,"featured_media":280,"parent":759,"menu_order":0,"comment_status":"closed","ping_status":"closed","template":"","meta":{"ngg_post_thumbnail":0},"_links":{"self":[{"href":"https:\/\/www.jiva.cz\/de\/wp-json\/wp\/v2\/pages\/823"}],"collection":[{"href":"https:\/\/www.jiva.cz\/de\/wp-json\/wp\/v2\/pages"}],"about":[{"href":"https:\/\/www.jiva.cz\/de\/wp-json\/wp\/v2\/types\/page"}],"author":[{"embeddable":true,"href":"https:\/\/www.jiva.cz\/de\/wp-json\/wp\/v2\/users\/2"}],"replies":[{"embeddable":true,"href":"https:\/\/www.jiva.cz\/de\/wp-json\/wp\/v2\/comments?post=823"}],"version-history":[{"count":0,"href":"https:\/\/www.jiva.cz\/de\/wp-json\/wp\/v2\/pages\/823\/revisions"}],"up":[{"embeddable":true,"href":"https:\/\/www.jiva.cz\/de\/wp-json\/wp\/v2\/pages\/759"}],"wp:featuredmedia":[{"embeddable":true,"href":"https:\/\/www.jiva.cz\/de\/wp-json\/wp\/v2\/media\/280"}],"wp:attachment":[{"href":"https:\/\/www.jiva.cz\/de\/wp-json\/wp\/v2\/media?parent=823"}],"curies":[{"name":"wp","href":"https:\/\/api.w.org\/{rel}","templated":true}]}}