{"id":825,"date":"2013-06-13T08:57:30","date_gmt":"2013-06-13T08:57:30","guid":{"rendered":"http:\/\/www.jiva.cz\/?page_id=825"},"modified":"2013-06-13T09:47:21","modified_gmt":"2013-06-13T09:47:21","slug":"edelstahl-blumentopfe","status":"publish","type":"page","link":"https:\/\/www.jiva.cz\/de\/dienstleistungen\/mobiliar\/edelstahl-blumentopfe","title":{"rendered":"Edelstahl Blument\u00f6pfe"},"content":{"rendered":"<p>Dieses praktische und wirkungsvolle Accessoire von \u00f6ffentlichen R\u00e4umlichkeiten ist praktisch unzerst\u00f6rbar und leicht zum Pflegen. Wir bieten Blument\u00f6pfe in der verschiedensten Ausf\u00fchrung und wir erf\u00fcllen auch atypische W\u00fcnsche, was die Abma\u00dfen und Ausf\u00fchrung betrifft.<\/p>\nngg_shortcode_0_placeholder\n","protected":false},"excerpt":{"rendered":"<p>Dieses praktische und wirkungsvolle Accessoire von \u00f6ffentlichen R\u00e4umlichkeiten ist praktisch unzerst\u00f6rbar und leicht zum Pflegen. Wir bieten Blument\u00f6pfe in der verschiedensten Ausf\u00fchrung und wir erf\u00fcllen auch atypische W\u00fcnsche, was die Abma\u00dfen und Ausf\u00fchrung betrifft.<\/p>\n","protected":false},"author":2,"featured_media":280,"parent":759,"menu_order":0,"comment_status":"closed","ping_status":"closed","template":"","meta":{"ngg_post_thumbnail":0},"_links":{"self":[{"href":"https:\/\/www.jiva.cz\/de\/wp-json\/wp\/v2\/pages\/825"}],"collection":[{"href":"https:\/\/www.jiva.cz\/de\/wp-json\/wp\/v2\/pages"}],"about":[{"href":"https:\/\/www.jiva.cz\/de\/wp-json\/wp\/v2\/types\/page"}],"author":[{"embeddable":true,"href":"https:\/\/www.jiva.cz\/de\/wp-json\/wp\/v2\/users\/2"}],"replies":[{"embeddable":true,"href":"https:\/\/www.jiva.cz\/de\/wp-json\/wp\/v2\/comments?post=825"}],"version-history":[{"count":0,"href":"https:\/\/www.jiva.cz\/de\/wp-json\/wp\/v2\/pages\/825\/revisions"}],"up":[{"embeddable":true,"href":"https:\/\/www.jiva.cz\/de\/wp-json\/wp\/v2\/pages\/759"}],"wp:featuredmedia":[{"embeddable":true,"href":"https:\/\/www.jiva.cz\/de\/wp-json\/wp\/v2\/media\/280"}],"wp:attachment":[{"href":"https:\/\/www.jiva.cz\/de\/wp-json\/wp\/v2\/media?parent=825"}],"curies":[{"name":"wp","href":"https:\/\/api.w.org\/{rel}","templated":true}]}}