{"id":827,"date":"2013-06-13T08:59:30","date_gmt":"2013-06-13T08:59:30","guid":{"rendered":"http:\/\/www.jiva.cz\/?page_id=827"},"modified":"2013-06-13T09:47:41","modified_gmt":"2013-06-13T09:47:41","slug":"edelstahlmulleimer","status":"publish","type":"page","link":"https:\/\/www.jiva.cz\/de\/dienstleistungen\/mobiliar\/edelstahlmulleimer","title":{"rendered":"Edelstahlm\u00fclleimer"},"content":{"rendered":"<p>\u00c4sthetische und praktische M\u00fclleimer aus Edelstahl sind f\u00fcr den Au\u00dfen- sowie Innenbereich geeignet, wie z. B. in Einkaufzentren, \u00f6ffentlichen Geb\u00e4uden und anderen \u00f6ffentlich zug\u00e4nglichen R\u00e4umlichkeiten.<\/p>\nngg_shortcode_0_placeholder\n","protected":false},"excerpt":{"rendered":"<p>\u00c4sthetische und praktische M\u00fclleimer aus Edelstahl sind f\u00fcr den Au\u00dfen- sowie Innenbereich geeignet, wie z. B. in Einkaufzentren, \u00f6ffentlichen Geb\u00e4uden und anderen \u00f6ffentlich zug\u00e4nglichen R\u00e4umlichkeiten.<\/p>\n","protected":false},"author":2,"featured_media":280,"parent":759,"menu_order":0,"comment_status":"closed","ping_status":"closed","template":"","meta":{"ngg_post_thumbnail":0},"_links":{"self":[{"href":"https:\/\/www.jiva.cz\/de\/wp-json\/wp\/v2\/pages\/827"}],"collection":[{"href":"https:\/\/www.jiva.cz\/de\/wp-json\/wp\/v2\/pages"}],"about":[{"href":"https:\/\/www.jiva.cz\/de\/wp-json\/wp\/v2\/types\/page"}],"author":[{"embeddable":true,"href":"https:\/\/www.jiva.cz\/de\/wp-json\/wp\/v2\/users\/2"}],"replies":[{"embeddable":true,"href":"https:\/\/www.jiva.cz\/de\/wp-json\/wp\/v2\/comments?post=827"}],"version-history":[{"count":0,"href":"https:\/\/www.jiva.cz\/de\/wp-json\/wp\/v2\/pages\/827\/revisions"}],"up":[{"embeddable":true,"href":"https:\/\/www.jiva.cz\/de\/wp-json\/wp\/v2\/pages\/759"}],"wp:featuredmedia":[{"embeddable":true,"href":"https:\/\/www.jiva.cz\/de\/wp-json\/wp\/v2\/media\/280"}],"wp:attachment":[{"href":"https:\/\/www.jiva.cz\/de\/wp-json\/wp\/v2\/media?parent=827"}],"curies":[{"name":"wp","href":"https:\/\/api.w.org\/{rel}","templated":true}]}}