{"id":829,"date":"2013-06-13T09:00:25","date_gmt":"2013-06-13T09:00:25","guid":{"rendered":"http:\/\/www.jiva.cz\/?page_id=829"},"modified":"2013-06-13T09:48:04","modified_gmt":"2013-06-13T09:48:04","slug":"stander-und-halter","status":"publish","type":"page","link":"https:\/\/www.jiva.cz\/de\/dienstleistungen\/mobiliar\/stander-und-halter","title":{"rendered":"St\u00e4nder und Halter"},"content":{"rendered":"<p>Ein vielf\u00e4ltiges Angebot an St\u00e4ndern freut sich dem verschiedensten Nutzen. Sie dienen z. B. der Anbringung von Informationen f\u00fcr die \u00d6ffentlichkeit, f\u00fcr problemloses Abstellen von Fahrr\u00e4dern, als Tr\u00e4ger von Werbung usw. \u00a0Hier kann man das Sortiment nicht genau spezifizieren, denn anhand der Kundenw\u00fcnsche kann man wirklich verschiedenste Produkte herstellen, die ganz konkretes Nutzen haben k\u00f6nnen.<\/p>\nngg_shortcode_0_placeholder\n","protected":false},"excerpt":{"rendered":"<p>Ein vielf\u00e4ltiges Angebot an St\u00e4ndern freut sich dem verschiedensten Nutzen. Sie dienen z. B. der Anbringung von Informationen f\u00fcr die \u00d6ffentlichkeit, f\u00fcr problemloses Abstellen von Fahrr\u00e4dern, als Tr\u00e4ger von Werbung usw. \u00a0Hier kann man das Sortiment nicht genau spezifizieren, denn anhand der Kundenw\u00fcnsche kann man wirklich verschiedenste Produkte herstellen, die ganz konkretes Nutzen haben k\u00f6nnen.<\/p>\n","protected":false},"author":2,"featured_media":280,"parent":759,"menu_order":0,"comment_status":"closed","ping_status":"closed","template":"","meta":{"ngg_post_thumbnail":0},"_links":{"self":[{"href":"https:\/\/www.jiva.cz\/de\/wp-json\/wp\/v2\/pages\/829"}],"collection":[{"href":"https:\/\/www.jiva.cz\/de\/wp-json\/wp\/v2\/pages"}],"about":[{"href":"https:\/\/www.jiva.cz\/de\/wp-json\/wp\/v2\/types\/page"}],"author":[{"embeddable":true,"href":"https:\/\/www.jiva.cz\/de\/wp-json\/wp\/v2\/users\/2"}],"replies":[{"embeddable":true,"href":"https:\/\/www.jiva.cz\/de\/wp-json\/wp\/v2\/comments?post=829"}],"version-history":[{"count":0,"href":"https:\/\/www.jiva.cz\/de\/wp-json\/wp\/v2\/pages\/829\/revisions"}],"up":[{"embeddable":true,"href":"https:\/\/www.jiva.cz\/de\/wp-json\/wp\/v2\/pages\/759"}],"wp:featuredmedia":[{"embeddable":true,"href":"https:\/\/www.jiva.cz\/de\/wp-json\/wp\/v2\/media\/280"}],"wp:attachment":[{"href":"https:\/\/www.jiva.cz\/de\/wp-json\/wp\/v2\/media?parent=829"}],"curies":[{"name":"wp","href":"https:\/\/api.w.org\/{rel}","templated":true}]}}