{"id":834,"date":"2013-06-13T09:04:31","date_gmt":"2013-06-13T09:04:31","guid":{"rendered":"http:\/\/www.jiva.cz\/?page_id=834"},"modified":"2013-06-13T09:49:11","modified_gmt":"2013-06-13T09:49:11","slug":"abzugshauben","status":"publish","type":"page","link":"https:\/\/www.jiva.cz\/de\/dienstleistungen\/bauwesen\/abzugshauben","title":{"rendered":"Abzugshauben"},"content":{"rendered":"<p>Mit der Herstellung und Installation dieser Vorrichtungen haben wir langj\u00e4hrige Erfahrungen aus allen Betriebstypen. Deshalb passen wir das Angebot so an, damit es sowohl f\u00fcr gr\u00f6\u00dfere Betriebe, als auch kleinere Betriebsst\u00e4tte sowie H\u00e4user entspr\u00e4che. Auch hier gilt, dass es m\u00f6glich ist, Abzugshauben verschiedener Formen und Abma\u00dfen nach dem Kundenwunsch zu fertigen. Bei diesem Produkt muss man sagen, dass wir als Firma die Planung von Lufttechnik nicht selber liefern \u2013 wir sind nur die Hersteller der gew\u00fcnschten Anlagen.<\/p>\nngg_shortcode_0_placeholder\n","protected":false},"excerpt":{"rendered":"<p>Mit der Herstellung und Installation dieser Vorrichtungen haben wir langj\u00e4hrige Erfahrungen aus allen Betriebstypen. Deshalb passen wir das Angebot so an, damit es sowohl f\u00fcr gr\u00f6\u00dfere Betriebe, als auch kleinere Betriebsst\u00e4tte sowie H\u00e4user entspr\u00e4che. Auch hier gilt, dass es m\u00f6glich ist, Abzugshauben verschiedener Formen und Abma\u00dfen nach dem Kundenwunsch zu fertigen. Bei diesem Produkt muss [&hellip;]<\/p>\n","protected":false},"author":2,"featured_media":435,"parent":761,"menu_order":0,"comment_status":"closed","ping_status":"closed","template":"","meta":{"ngg_post_thumbnail":0},"_links":{"self":[{"href":"https:\/\/www.jiva.cz\/de\/wp-json\/wp\/v2\/pages\/834"}],"collection":[{"href":"https:\/\/www.jiva.cz\/de\/wp-json\/wp\/v2\/pages"}],"about":[{"href":"https:\/\/www.jiva.cz\/de\/wp-json\/wp\/v2\/types\/page"}],"author":[{"embeddable":true,"href":"https:\/\/www.jiva.cz\/de\/wp-json\/wp\/v2\/users\/2"}],"replies":[{"embeddable":true,"href":"https:\/\/www.jiva.cz\/de\/wp-json\/wp\/v2\/comments?post=834"}],"version-history":[{"count":0,"href":"https:\/\/www.jiva.cz\/de\/wp-json\/wp\/v2\/pages\/834\/revisions"}],"up":[{"embeddable":true,"href":"https:\/\/www.jiva.cz\/de\/wp-json\/wp\/v2\/pages\/761"}],"wp:featuredmedia":[{"embeddable":true,"href":"https:\/\/www.jiva.cz\/de\/wp-json\/wp\/v2\/media\/435"}],"wp:attachment":[{"href":"https:\/\/www.jiva.cz\/de\/wp-json\/wp\/v2\/media?parent=834"}],"curies":[{"name":"wp","href":"https:\/\/api.w.org\/{rel}","templated":true}]}}