{"id":836,"date":"2013-06-13T09:06:03","date_gmt":"2013-06-13T09:06:03","guid":{"rendered":"http:\/\/www.jiva.cz\/?page_id=836"},"modified":"2013-06-13T09:49:31","modified_gmt":"2013-06-13T09:49:31","slug":"kantenschutz-aus-edelstahl","status":"publish","type":"page","link":"https:\/\/www.jiva.cz\/de\/dienstleistungen\/bauwesen\/kantenschutz-aus-edelstahl","title":{"rendered":"Kantenschutz aus Edelstahl"},"content":{"rendered":"<p>Praktische Hilfe zum Schutz der Au\u00dfenkanten ihrer Fassaden z. B. bei der Manipulation mit Wagen und Werkzeugen. Die Abma\u00dfen und die Form vom Kantenschutz werden wir den Kundenw\u00fcnschen anpassen.<\/p>\nngg_shortcode_0_placeholder\n","protected":false},"excerpt":{"rendered":"<p>Praktische Hilfe zum Schutz der Au\u00dfenkanten ihrer Fassaden z. B. bei der Manipulation mit Wagen und Werkzeugen. Die Abma\u00dfen und die Form vom Kantenschutz werden wir den Kundenw\u00fcnschen anpassen.<\/p>\n","protected":false},"author":2,"featured_media":435,"parent":761,"menu_order":0,"comment_status":"closed","ping_status":"closed","template":"","meta":{"ngg_post_thumbnail":0},"_links":{"self":[{"href":"https:\/\/www.jiva.cz\/de\/wp-json\/wp\/v2\/pages\/836"}],"collection":[{"href":"https:\/\/www.jiva.cz\/de\/wp-json\/wp\/v2\/pages"}],"about":[{"href":"https:\/\/www.jiva.cz\/de\/wp-json\/wp\/v2\/types\/page"}],"author":[{"embeddable":true,"href":"https:\/\/www.jiva.cz\/de\/wp-json\/wp\/v2\/users\/2"}],"replies":[{"embeddable":true,"href":"https:\/\/www.jiva.cz\/de\/wp-json\/wp\/v2\/comments?post=836"}],"version-history":[{"count":0,"href":"https:\/\/www.jiva.cz\/de\/wp-json\/wp\/v2\/pages\/836\/revisions"}],"up":[{"embeddable":true,"href":"https:\/\/www.jiva.cz\/de\/wp-json\/wp\/v2\/pages\/761"}],"wp:featuredmedia":[{"embeddable":true,"href":"https:\/\/www.jiva.cz\/de\/wp-json\/wp\/v2\/media\/435"}],"wp:attachment":[{"href":"https:\/\/www.jiva.cz\/de\/wp-json\/wp\/v2\/media?parent=836"}],"curies":[{"name":"wp","href":"https:\/\/api.w.org\/{rel}","templated":true}]}}