{"id":838,"date":"2013-06-13T09:08:00","date_gmt":"2013-06-13T09:08:00","guid":{"rendered":"http:\/\/www.jiva.cz\/?page_id=838"},"modified":"2013-06-13T09:49:49","modified_gmt":"2013-06-13T09:49:49","slug":"edelstahlgelander","status":"publish","type":"page","link":"https:\/\/www.jiva.cz\/de\/dienstleistungen\/bauwesen\/edelstahlgelander","title":{"rendered":"Edelstahlgel\u00e4nder"},"content":{"rendered":"<p>Ein Gel\u00e4nder, das Sie nie anstreichen m\u00fcssen und das st\u00e4ndig ein sch\u00f6nes Accessoire des Geb\u00e4udes bzw. Gartens bleibt. Wir fertigen nach Ihren Vorschl\u00e4gen Gel\u00e4nder verschiedener Formen und Abma\u00dfen, z. B. f\u00fcr Balkons und Treppen im Innen- sowie Au\u00dfenbereich.<\/p>\nngg_shortcode_0_placeholder\n","protected":false},"excerpt":{"rendered":"<p>Ein Gel\u00e4nder, das Sie nie anstreichen m\u00fcssen und das st\u00e4ndig ein sch\u00f6nes Accessoire des Geb\u00e4udes bzw. Gartens bleibt. Wir fertigen nach Ihren Vorschl\u00e4gen Gel\u00e4nder verschiedener Formen und Abma\u00dfen, z. B. f\u00fcr Balkons und Treppen im Innen- sowie Au\u00dfenbereich.<\/p>\n","protected":false},"author":2,"featured_media":435,"parent":761,"menu_order":0,"comment_status":"closed","ping_status":"closed","template":"","meta":{"ngg_post_thumbnail":0},"_links":{"self":[{"href":"https:\/\/www.jiva.cz\/de\/wp-json\/wp\/v2\/pages\/838"}],"collection":[{"href":"https:\/\/www.jiva.cz\/de\/wp-json\/wp\/v2\/pages"}],"about":[{"href":"https:\/\/www.jiva.cz\/de\/wp-json\/wp\/v2\/types\/page"}],"author":[{"embeddable":true,"href":"https:\/\/www.jiva.cz\/de\/wp-json\/wp\/v2\/users\/2"}],"replies":[{"embeddable":true,"href":"https:\/\/www.jiva.cz\/de\/wp-json\/wp\/v2\/comments?post=838"}],"version-history":[{"count":0,"href":"https:\/\/www.jiva.cz\/de\/wp-json\/wp\/v2\/pages\/838\/revisions"}],"up":[{"embeddable":true,"href":"https:\/\/www.jiva.cz\/de\/wp-json\/wp\/v2\/pages\/761"}],"wp:featuredmedia":[{"embeddable":true,"href":"https:\/\/www.jiva.cz\/de\/wp-json\/wp\/v2\/media\/435"}],"wp:attachment":[{"href":"https:\/\/www.jiva.cz\/de\/wp-json\/wp\/v2\/media?parent=838"}],"curies":[{"name":"wp","href":"https:\/\/api.w.org\/{rel}","templated":true}]}}