{"id":843,"date":"2013-06-13T09:10:07","date_gmt":"2013-06-13T09:10:07","guid":{"rendered":"http:\/\/www.jiva.cz\/?page_id=843"},"modified":"2013-06-13T09:50:07","modified_gmt":"2013-06-13T09:50:07","slug":"edelstahl-bodeneinlasse-und-rosten","status":"publish","type":"page","link":"https:\/\/www.jiva.cz\/de\/dienstleistungen\/bauwesen\/edelstahl-bodeneinlasse-und-rosten","title":{"rendered":"Edelstahl Bodeneinl\u00e4sse und Rosten"},"content":{"rendered":"<p>Ein Bodeneinlass ist ein geeignetes Element f\u00fcr den Einbau von Bereichen, die man mit flie\u00dfendem Wasser reinigen muss, in den Boden. Ein Bodeneinlass \u00a0besteht aus einem abnehmbaren Rost, einem Oberteil, einem Flansch f\u00fcr die Befestigung der Isolation in den Boden, einem Geruchsverschluss und einem Unterteil. Der rutschsichere Rost mit einer H\u00f6he von 25 mm und Maschengr\u00f6\u00dfe von 25 \u00d7 25 mm ist aus einem Bandstahl mit einer St\u00e4rke von 2 mm hergestellt. Die Form der Einl\u00e4sse wird mit nichts begrenzt.<\/p>\nngg_shortcode_0_placeholder\n","protected":false},"excerpt":{"rendered":"<p>Ein Bodeneinlass ist ein geeignetes Element f\u00fcr den Einbau von Bereichen, die man mit flie\u00dfendem Wasser reinigen muss, in den Boden. Ein Bodeneinlass \u00a0besteht aus einem abnehmbaren Rost, einem Oberteil, einem Flansch f\u00fcr die Befestigung der Isolation in den Boden, einem Geruchsverschluss und einem Unterteil. Der rutschsichere Rost mit einer H\u00f6he von 25 mm und [&hellip;]<\/p>\n","protected":false},"author":2,"featured_media":435,"parent":761,"menu_order":0,"comment_status":"closed","ping_status":"closed","template":"","meta":{"ngg_post_thumbnail":0},"_links":{"self":[{"href":"https:\/\/www.jiva.cz\/de\/wp-json\/wp\/v2\/pages\/843"}],"collection":[{"href":"https:\/\/www.jiva.cz\/de\/wp-json\/wp\/v2\/pages"}],"about":[{"href":"https:\/\/www.jiva.cz\/de\/wp-json\/wp\/v2\/types\/page"}],"author":[{"embeddable":true,"href":"https:\/\/www.jiva.cz\/de\/wp-json\/wp\/v2\/users\/2"}],"replies":[{"embeddable":true,"href":"https:\/\/www.jiva.cz\/de\/wp-json\/wp\/v2\/comments?post=843"}],"version-history":[{"count":0,"href":"https:\/\/www.jiva.cz\/de\/wp-json\/wp\/v2\/pages\/843\/revisions"}],"up":[{"embeddable":true,"href":"https:\/\/www.jiva.cz\/de\/wp-json\/wp\/v2\/pages\/761"}],"wp:featuredmedia":[{"embeddable":true,"href":"https:\/\/www.jiva.cz\/de\/wp-json\/wp\/v2\/media\/435"}],"wp:attachment":[{"href":"https:\/\/www.jiva.cz\/de\/wp-json\/wp\/v2\/media?parent=843"}],"curies":[{"name":"wp","href":"https:\/\/api.w.org\/{rel}","templated":true}]}}