{"id":845,"date":"2013-06-13T09:10:49","date_gmt":"2013-06-13T09:10:49","guid":{"rendered":"http:\/\/www.jiva.cz\/?page_id=845"},"modified":"2013-06-13T10:17:13","modified_gmt":"2013-06-13T10:17:13","slug":"forder-und-manipulationstechnik","status":"publish","type":"page","link":"https:\/\/www.jiva.cz\/de\/dienstleistungen\/gesundheitswesen\/forder-und-manipulationstechnik","title":{"rendered":"F\u00f6rder- und Manipulationstechnik"},"content":{"rendered":"<p>Das breite Sortiment der mobilen Wagen und Schr\u00e4nke, die verschiedene Anwendung f\u00fcr den Transport s\u00e4mtlicher Waren von W\u00e4sche bis zu Essenzustellung finden. Man kann auch Varianten von Wagen je nach der Anforderung an Innenumfeld w\u00e4hlen, d. h. neutrale, k\u00fchlende oder w\u00e4rmende. Setzen Sie sich bitte im Fall Ihres Interesses mit unserer Gesch\u00e4ftsabteilung in Verbindung, die Ihnen bez\u00fcglich des kompletten Sortiments die s\u00e4mtlichen Informationen gew\u00e4hrleisten wird.<\/p>\nngg_shortcode_0_placeholder\n","protected":false},"excerpt":{"rendered":"<p>Das breite Sortiment der mobilen Wagen und Schr\u00e4nke, die verschiedene Anwendung f\u00fcr den Transport s\u00e4mtlicher Waren von W\u00e4sche bis zu Essenzustellung finden. Man kann auch Varianten von Wagen je nach der Anforderung an Innenumfeld w\u00e4hlen, d. h. neutrale, k\u00fchlende oder w\u00e4rmende. Setzen Sie sich bitte im Fall Ihres Interesses mit unserer Gesch\u00e4ftsabteilung in Verbindung, die [&hellip;]<\/p>\n","protected":false},"author":2,"featured_media":278,"parent":762,"menu_order":0,"comment_status":"closed","ping_status":"closed","template":"","meta":{"ngg_post_thumbnail":0},"_links":{"self":[{"href":"https:\/\/www.jiva.cz\/de\/wp-json\/wp\/v2\/pages\/845"}],"collection":[{"href":"https:\/\/www.jiva.cz\/de\/wp-json\/wp\/v2\/pages"}],"about":[{"href":"https:\/\/www.jiva.cz\/de\/wp-json\/wp\/v2\/types\/page"}],"author":[{"embeddable":true,"href":"https:\/\/www.jiva.cz\/de\/wp-json\/wp\/v2\/users\/2"}],"replies":[{"embeddable":true,"href":"https:\/\/www.jiva.cz\/de\/wp-json\/wp\/v2\/comments?post=845"}],"version-history":[{"count":0,"href":"https:\/\/www.jiva.cz\/de\/wp-json\/wp\/v2\/pages\/845\/revisions"}],"up":[{"embeddable":true,"href":"https:\/\/www.jiva.cz\/de\/wp-json\/wp\/v2\/pages\/762"}],"wp:featuredmedia":[{"embeddable":true,"href":"https:\/\/www.jiva.cz\/de\/wp-json\/wp\/v2\/media\/278"}],"wp:attachment":[{"href":"https:\/\/www.jiva.cz\/de\/wp-json\/wp\/v2\/media?parent=845"}],"curies":[{"name":"wp","href":"https:\/\/api.w.org\/{rel}","templated":true}]}}