{"id":848,"date":"2013-06-13T09:12:16","date_gmt":"2013-06-13T09:12:16","guid":{"rendered":"http:\/\/www.jiva.cz\/?page_id=848"},"modified":"2013-06-13T10:17:32","modified_gmt":"2013-06-13T10:17:32","slug":"edelstahlausstattung-von-operationsaalen","status":"publish","type":"page","link":"https:\/\/www.jiva.cz\/de\/dienstleistungen\/gesundheitswesen\/edelstahlausstattung-von-operationsaalen","title":{"rendered":"Edelstahlausstattung von Operationsaalen"},"content":{"rendered":"<p>Wir liefern Edelstahlausstattung von Operationsaalen, Praxisr\u00e4umen, Lagern in Krankenh\u00e4usern usw. je nach dem Kundenwunsch.\u00a0Die hier genannten Produkte sind nur ein Bruchteil davon, was im Katalog erfasst wurde. Setzen Sie sich bitte im Fall Ihres Interesses mit unserer Gesch\u00e4ftsabteilung in Verbindung, die Ihnen bez\u00fcglich des kompletten Sortiments die s\u00e4mtlichen Informationen gew\u00e4hrleisten wird.<\/p>\nngg_shortcode_0_placeholder\n","protected":false},"excerpt":{"rendered":"<p>Wir liefern Edelstahlausstattung von Operationsaalen, Praxisr\u00e4umen, Lagern in Krankenh\u00e4usern usw. je nach dem Kundenwunsch.\u00a0Die hier genannten Produkte sind nur ein Bruchteil davon, was im Katalog erfasst wurde. Setzen Sie sich bitte im Fall Ihres Interesses mit unserer Gesch\u00e4ftsabteilung in Verbindung, die Ihnen bez\u00fcglich des kompletten Sortiments die s\u00e4mtlichen Informationen gew\u00e4hrleisten wird.<\/p>\n","protected":false},"author":2,"featured_media":278,"parent":762,"menu_order":0,"comment_status":"closed","ping_status":"closed","template":"","meta":{"ngg_post_thumbnail":0},"_links":{"self":[{"href":"https:\/\/www.jiva.cz\/de\/wp-json\/wp\/v2\/pages\/848"}],"collection":[{"href":"https:\/\/www.jiva.cz\/de\/wp-json\/wp\/v2\/pages"}],"about":[{"href":"https:\/\/www.jiva.cz\/de\/wp-json\/wp\/v2\/types\/page"}],"author":[{"embeddable":true,"href":"https:\/\/www.jiva.cz\/de\/wp-json\/wp\/v2\/users\/2"}],"replies":[{"embeddable":true,"href":"https:\/\/www.jiva.cz\/de\/wp-json\/wp\/v2\/comments?post=848"}],"version-history":[{"count":0,"href":"https:\/\/www.jiva.cz\/de\/wp-json\/wp\/v2\/pages\/848\/revisions"}],"up":[{"embeddable":true,"href":"https:\/\/www.jiva.cz\/de\/wp-json\/wp\/v2\/pages\/762"}],"wp:featuredmedia":[{"embeddable":true,"href":"https:\/\/www.jiva.cz\/de\/wp-json\/wp\/v2\/media\/278"}],"wp:attachment":[{"href":"https:\/\/www.jiva.cz\/de\/wp-json\/wp\/v2\/media?parent=848"}],"curies":[{"name":"wp","href":"https:\/\/api.w.org\/{rel}","templated":true}]}}