{"id":850,"date":"2013-06-13T09:37:09","date_gmt":"2013-06-13T09:37:09","guid":{"rendered":"http:\/\/www.jiva.cz\/?page_id=850"},"modified":"2013-06-13T10:17:50","modified_gmt":"2013-06-13T10:17:50","slug":"sterilisierung","status":"publish","type":"page","link":"https:\/\/www.jiva.cz\/de\/dienstleistungen\/gesundheitswesen\/sterilisierung","title":{"rendered":"Sterilisierung"},"content":{"rendered":"<p>Wir liefern Edelstahlausstattung f\u00fcr zentrale Sterilisierung von Krankenh\u00e4usern. Es gibt eine ganze Reihe von typisierten Produkten, sowohl mobilen als auch station\u00e4ren. Setzen Sie sich bitte im Fall Ihres Interesses mit unserer Gesch\u00e4ftsabteilung in Verbindung, die Ihnen bez\u00fcglich des kompletten Sortiments die s\u00e4mtlichen Informationen gew\u00e4hrleisten wird.<\/p>\nngg_shortcode_0_placeholder\n","protected":false},"excerpt":{"rendered":"<p>Wir liefern Edelstahlausstattung f\u00fcr zentrale Sterilisierung von Krankenh\u00e4usern. Es gibt eine ganze Reihe von typisierten Produkten, sowohl mobilen als auch station\u00e4ren. Setzen Sie sich bitte im Fall Ihres Interesses mit unserer Gesch\u00e4ftsabteilung in Verbindung, die Ihnen bez\u00fcglich des kompletten Sortiments die s\u00e4mtlichen Informationen gew\u00e4hrleisten wird.<\/p>\n","protected":false},"author":2,"featured_media":278,"parent":762,"menu_order":0,"comment_status":"closed","ping_status":"closed","template":"","meta":{"ngg_post_thumbnail":0},"_links":{"self":[{"href":"https:\/\/www.jiva.cz\/de\/wp-json\/wp\/v2\/pages\/850"}],"collection":[{"href":"https:\/\/www.jiva.cz\/de\/wp-json\/wp\/v2\/pages"}],"about":[{"href":"https:\/\/www.jiva.cz\/de\/wp-json\/wp\/v2\/types\/page"}],"author":[{"embeddable":true,"href":"https:\/\/www.jiva.cz\/de\/wp-json\/wp\/v2\/users\/2"}],"replies":[{"embeddable":true,"href":"https:\/\/www.jiva.cz\/de\/wp-json\/wp\/v2\/comments?post=850"}],"version-history":[{"count":0,"href":"https:\/\/www.jiva.cz\/de\/wp-json\/wp\/v2\/pages\/850\/revisions"}],"up":[{"embeddable":true,"href":"https:\/\/www.jiva.cz\/de\/wp-json\/wp\/v2\/pages\/762"}],"wp:featuredmedia":[{"embeddable":true,"href":"https:\/\/www.jiva.cz\/de\/wp-json\/wp\/v2\/media\/278"}],"wp:attachment":[{"href":"https:\/\/www.jiva.cz\/de\/wp-json\/wp\/v2\/media?parent=850"}],"curies":[{"name":"wp","href":"https:\/\/api.w.org\/{rel}","templated":true}]}}