{"id":386,"date":"2013-05-29T10:45:36","date_gmt":"2013-05-29T10:45:36","guid":{"rendered":"http:\/\/www.jiva.cz\/?page_id=386"},"modified":"2013-09-02T10:16:36","modified_gmt":"2013-09-02T10:16:36","slug":"about-us","status":"publish","type":"page","link":"https:\/\/www.jiva.cz\/en\/about-us","title":{"rendered":"About Us"},"content":{"rendered":"<p>JIVA JIR\u00c1K v\u00fdroba velkokuchy?sk\u00e9ho za?\u00edzen\u00ed spol. s r.o. is a Czech family manufacturing firm founded in 1935. From the beginning the company\u2019s production programme has offered a range of products to facilitate the work in catering establishments. After the company\u2019s restitution in 1990 we immediately reassumed this tradition and every year we broaden our production programme.\u00a0We can equip all kitchens, serveries, school and work canteens, restaurants and other culinary establishments with our products and equipment according to your wishes.\u00a0In addition the production programme has been expanded to include supplies of stainless steel equipment to hospitals, street furniture, home furnishings, garden furniture, and finally, stainless steel accessories for the needs of the construction industry.<\/p>\nngg_shortcode_0_placeholder\n<p>Our company, comprising of several dozen experienced staff and experts in the field and boasting a turnover of hundreds of millions, is located in its own modern production halls in Vestec u Prahy.\u00a0The machinery is continuously renewed in accordance with the most advanced technological procedures and trends in the field of processing stainless steel.\u00a0Our company also has a construction department, which processes orders according to our customers\u2019 requirements including surveying and consultancy services.\u00a0Naturally, orders are assembled by our professional staff and if goods need to be transported to a location it can be done with our own fleet of vehicles.<\/p>\n<h2>History<\/h2>\n<p>The company\u2019s history goes back a long way. \u00a0The grandfather of today\u2019s owners learnt his trade at the company Kaliba. This was one of the few companies in Czechoslovakia that was engaged in equipping catering establishments. Later V\u00e1clav Jir\u00e1k (born 1898) left this company and went independent.<\/p>\nngg_shortcode_1_placeholder\n<p>In 1935 he founded his own company and in his garage he started making pastry ovens and enamelled or sheet-metal stoves. These were products that no household could do without. \u00a0V\u00e1clav Jir\u00e1k soon brought his son into the company and they changed the workshop in the garage for a small production hall. It wasn\u2019t long before war gripped the country and a few years after it ended along came nationalisation. For forty years the firm was known as Komex, which was a state company.<\/p>\n<p>After the revolution of 1989 there was the chance of returning the property to the original owners, which the family took advantage of and Ladislav Jir\u00e1k and his sons took over the firm into private ownership.\u00a0Now a fourth generation of Jir\u00e1ks is producing stainless steel equipment for various sectors. The company\u2019s products not only decorate the rooms of banks, hotels, restaurants, hospitals, but also the back rooms of airports or prison facilities.<\/p>\n<p>&nbsp;<\/p>\n","protected":false},"excerpt":{"rendered":"<p>JIVA JIR\u00c1K v\u00fdroba velkokuchy?sk\u00e9ho za?\u00edzen\u00ed spol. s r.o. is a Czech family manufacturing firm founded in 1935. From the beginning the company\u2019s production programme has offered a range of products to facilitate the work in catering establishments. After the company\u2019s restitution in 1990 we immediately reassumed this tradition and every year we broaden our production [&hellip;]<\/p>\n","protected":false},"author":2,"featured_media":1448,"parent":0,"menu_order":0,"comment_status":"closed","ping_status":"closed","template":"tpl_contact.php","meta":{"ngg_post_thumbnail":0},"_links":{"self":[{"href":"https:\/\/www.jiva.cz\/en\/wp-json\/wp\/v2\/pages\/386"}],"collection":[{"href":"https:\/\/www.jiva.cz\/en\/wp-json\/wp\/v2\/pages"}],"about":[{"href":"https:\/\/www.jiva.cz\/en\/wp-json\/wp\/v2\/types\/page"}],"author":[{"embeddable":true,"href":"https:\/\/www.jiva.cz\/en\/wp-json\/wp\/v2\/users\/2"}],"replies":[{"embeddable":true,"href":"https:\/\/www.jiva.cz\/en\/wp-json\/wp\/v2\/comments?post=386"}],"version-history":[{"count":0,"href":"https:\/\/www.jiva.cz\/en\/wp-json\/wp\/v2\/pages\/386\/revisions"}],"wp:featuredmedia":[{"embeddable":true,"href":"https:\/\/www.jiva.cz\/en\/wp-json\/wp\/v2\/media\/1448"}],"wp:attachment":[{"href":"https:\/\/www.jiva.cz\/en\/wp-json\/wp\/v2\/media?parent=386"}],"curies":[{"name":"wp","href":"https:\/\/api.w.org\/{rel}","templated":true}]}}