{"id":391,"date":"2013-05-30T10:18:26","date_gmt":"2013-05-30T10:18:26","guid":{"rendered":"http:\/\/www.jiva.cz\/?page_id=391"},"modified":"2013-05-30T10:19:27","modified_gmt":"2013-05-30T10:19:27","slug":"391-2","status":"publish","type":"page","link":"https:\/\/www.jiva.cz\/en\/391-2","title":{"rendered":"References"},"content":{"rendered":"<p>Throughout its existence Jiva Jir\u00e1k has had a number of reference orders and projects.\u00a0We will name just a few of the more important ones of recent years:<\/p>\n<ul>\n<li>Hotel Sv. Tom\u00e1\u0161 &#8211; Prague | kitchen<\/li>\n<li>IKEA Klagenfurt | bar<\/li>\n<li>IKEA Bratislava, Prague &#8211; Zli?\u00edn, Vienna, St. Petersburg | servery, kitchen<\/li>\n<li>P?\u00edbram district hospital | sterilisation equipment<\/li>\n<li>Kladno district hospital| sterilisation equipment<\/li>\n<li>Teaching Hospital in Motol | sterilization equipment, underground transport<\/li>\n<li>MK Point &#8211; Prague | servery, kitchen<\/li>\n<li>T Mobile Slovakia | phone booths &#8211; 1800<\/li>\n<li>Hosp. of the Merciful Sisters | Servery, kitchen<\/li>\n<li>General University Hospital in Prague 2 | kitchen<\/li>\n<li>Kralovske Vinohrady Teaching Hospital | kitchen, meal delivery<\/li>\n<li>Air Traffic Control &#8211; Jene? | Servery, kitchen<\/li>\n<li>DD Sn?\u017eenkov\u00e1 | Kitchen, meal delivery<\/li>\n<li>Central Military Hospital | Underground transport<\/li>\n<li>BBcentrum &#8211; Gamma building, Philadelphia | Servery, kitchen<\/li>\n<li>Restaurant Kogo | kitchen<\/li>\n<li>Nordsee | servery, kitchen<\/li>\n<li>ABC Shopping Centre Sulice | food halls, restaurants, nursery school, tobacconist, cake shop, pet-shop, florists<\/li>\n<li>\u0160J Kunratice | Servery, kitchen<\/li>\n<li>\u0160koda Mlada Boleslav | servery, kitchen, canteen<\/li>\n<li>Hotel Clarion| kitchen<\/li>\n<li>T-Mobile headquarters | servery, kitchen<\/li>\n<li>Radio Free Europe | servery, kitchen<\/li>\n<li>The House of Commons Czech Republic | kitchen<\/li>\n<li>The Senate of the Czech Republic | kitchen<\/li>\n<li>Postupick\u00e1 school | servery, kitchen<\/li>\n<li>?EZ Temel\u00edn | servery, kitchen<\/li>\n<li>Sunny Canadian School | servery, kitchen<\/li>\n<li>Hotel \u201cU M?sta V\u00eddn?\u201d- ?esk\u00fd Krumlov | kitchen<\/li>\n<li>Czech Embassy in Alma Ata &#8211; Kazakhstan | kitchen<\/li>\n<li>Czech Embassy in Bern, Switzerland | kitchen<\/li>\n<li>Vis Island, Croatia | fish shop<\/li>\n<li>Metro \u2013 food store, Germany | Fitting shops with chilled displays<\/li>\n<li>Extra \u2013 food store, Germany | Fitting shops with chilled displays<\/li>\n<li>Ford Kechnec, Slovakia | servery, kitchen<\/li>\n<li>Sheraton Hotel, Bratislava, Slovakia | kitchen, bars<\/li>\n<li>Restaurant Grosseto Marina | kitchen, bars<\/li>\n<li>?esk\u00e9 Dr\u00e1hy | sign for Praha Hlavn\u00ed n\u00e1dra\u017e\u00ed (Prague Main Railway Station)<\/li>\n<li>T?ebo? town | Benches, urban furniture<\/li>\n<li>Prague 4 | Stainless steel loggia on a prefab. building<\/li>\n<li>Cologne University, Germany | sterilisation &#8211; clean rooms<\/li>\n<li>Clinic Alma Ata | Central sterilisation<\/li>\n<li>Brasov Hospital, Romania | equipment for surgeries and sterilization<\/li>\n<\/ul>\n","protected":false},"excerpt":{"rendered":"<p>Throughout its existence Jiva Jir\u00e1k has had a number of reference orders and projects.\u00a0We will name just a few of the more important ones of recent years: Hotel Sv. Tom\u00e1\u0161 &#8211; Prague | kitchen IKEA Klagenfurt | bar IKEA Bratislava, Prague &#8211; Zli?\u00edn, Vienna, St. Petersburg | servery, kitchen P?\u00edbram district hospital | sterilisation equipment [&hellip;]<\/p>\n","protected":false},"author":2,"featured_media":380,"parent":0,"menu_order":0,"comment_status":"closed","ping_status":"closed","template":"","meta":{"ngg_post_thumbnail":0},"_links":{"self":[{"href":"https:\/\/www.jiva.cz\/en\/wp-json\/wp\/v2\/pages\/391"}],"collection":[{"href":"https:\/\/www.jiva.cz\/en\/wp-json\/wp\/v2\/pages"}],"about":[{"href":"https:\/\/www.jiva.cz\/en\/wp-json\/wp\/v2\/types\/page"}],"author":[{"embeddable":true,"href":"https:\/\/www.jiva.cz\/en\/wp-json\/wp\/v2\/users\/2"}],"replies":[{"embeddable":true,"href":"https:\/\/www.jiva.cz\/en\/wp-json\/wp\/v2\/comments?post=391"}],"version-history":[{"count":0,"href":"https:\/\/www.jiva.cz\/en\/wp-json\/wp\/v2\/pages\/391\/revisions"}],"wp:featuredmedia":[{"embeddable":true,"href":"https:\/\/www.jiva.cz\/en\/wp-json\/wp\/v2\/media\/380"}],"wp:attachment":[{"href":"https:\/\/www.jiva.cz\/en\/wp-json\/wp\/v2\/media?parent=391"}],"curies":[{"name":"wp","href":"https:\/\/api.w.org\/{rel}","templated":true}]}}