{"id":406,"date":"2013-05-30T13:08:50","date_gmt":"2013-05-30T13:08:50","guid":{"rendered":"http:\/\/www.jiva.cz\/?page_id=406"},"modified":"2017-09-06T12:40:18","modified_gmt":"2017-09-06T12:40:18","slug":"certification","status":"publish","type":"page","link":"https:\/\/www.jiva.cz\/en\/certification","title":{"rendered":"Certification"},"content":{"rendered":"<p><a href=\"http:\/\/www.jiva.cz\/wp-content\/uploads\/2013\/05\/iso9001_en.pdf\" target=\"_blank\" rel=\"attachment wp-att-1803\"><img loading=\"lazy\" class=\"wp-image-103 alignleft\" style=\"border: 1px solid black;\" alt=\"certifikat_9001_cz\" src=\"http:\/\/www.jiva.cz\/wp-content\/uploads\/2015\/01\/certifikat_9001_en.jpg\" width=\"192\" height=\"136\" \/><\/a><\/p>\n<p><em id=\"__mceDel\"><a href=\"http:\/\/www.jiva.cz\/wp-content\/uploads\/2013\/05\/nbu.pdf\" target=\"_blank\"><img loading=\"lazy\" class=\"wp-image-103 alignleft\" style=\"border: 1px solid black;\" alt=\"nbu\" src=\"http:\/\/www.jiva.cz\/wp-content\/uploads\/2013\/04\/nbu1-300x213.jpg\" width=\"192\" height=\"136\" srcset=\"https:\/\/www.jiva.cz\/wp-content\/uploads\/2013\/04\/nbu1-300x213.jpg 300w, https:\/\/www.jiva.cz\/wp-content\/uploads\/2013\/04\/nbu1-1024x727.jpg 1024w, https:\/\/www.jiva.cz\/wp-content\/uploads\/2013\/04\/nbu1.jpg 1141w\" sizes=\"(max-width: 192px) 100vw, 192px\" \/><\/a><a href=\"http:\/\/www.jiva.cz\/wp-content\/uploads\/2013\/05\/Osv?d?en\u00ed-o-?lenstvi-Asociace-v\u00fdr.-a-dod.-zdravotnick\u00fdch-prost?edk?-AJ.pdf\" target=\"_blank\"><img loading=\"lazy\" class=\"wp-image-107 alignleft\" style=\"border: 1px solid black;\" alt=\"osvedceni\" src=\"http:\/\/www.jiva.cz\/wp-content\/uploads\/2013\/05\/osvedceni_o_clenstvi_en.jpg\" width=\"192\" height=\"136\" \/><\/a><a href=\"http:\/\/www.jiva.cz\/wp-content\/uploads\/2013\/05\/odborny.pdf\" target=\"_blank\"><img loading=\"lazy\" class=\"wp-image-102 alignleft\" style=\"border: 1px solid black;\" alt=\"odborny\" src=\"http:\/\/www.jiva.cz\/wp-content\/uploads\/2013\/04\/odborny-300x213.jpg\" width=\"192\" height=\"136\" srcset=\"https:\/\/www.jiva.cz\/wp-content\/uploads\/2013\/04\/odborny-300x213.jpg 300w, https:\/\/www.jiva.cz\/wp-content\/uploads\/2013\/04\/odborny-1024x727.jpg 1024w, https:\/\/www.jiva.cz\/wp-content\/uploads\/2013\/04\/odborny.jpg 1141w\" sizes=\"(max-width: 192px) 100vw, 192px\" \/><\/a><\/em><\/p>\n","protected":false},"excerpt":{"rendered":"","protected":false},"author":2,"featured_media":378,"parent":0,"menu_order":0,"comment_status":"closed","ping_status":"closed","template":"","meta":{"ngg_post_thumbnail":0},"_links":{"self":[{"href":"https:\/\/www.jiva.cz\/en\/wp-json\/wp\/v2\/pages\/406"}],"collection":[{"href":"https:\/\/www.jiva.cz\/en\/wp-json\/wp\/v2\/pages"}],"about":[{"href":"https:\/\/www.jiva.cz\/en\/wp-json\/wp\/v2\/types\/page"}],"author":[{"embeddable":true,"href":"https:\/\/www.jiva.cz\/en\/wp-json\/wp\/v2\/users\/2"}],"replies":[{"embeddable":true,"href":"https:\/\/www.jiva.cz\/en\/wp-json\/wp\/v2\/comments?post=406"}],"version-history":[{"count":0,"href":"https:\/\/www.jiva.cz\/en\/wp-json\/wp\/v2\/pages\/406\/revisions"}],"wp:featuredmedia":[{"embeddable":true,"href":"https:\/\/www.jiva.cz\/en\/wp-json\/wp\/v2\/media\/378"}],"wp:attachment":[{"href":"https:\/\/www.jiva.cz\/en\/wp-json\/wp\/v2\/media?parent=406"}],"curies":[{"name":"wp","href":"https:\/\/api.w.org\/{rel}","templated":true}]}}