{"id":1000,"date":"2013-06-15T20:58:22","date_gmt":"2013-06-15T20:58:22","guid":{"rendered":"http:\/\/www.jiva.cz\/?page_id=1000"},"modified":"2013-06-16T18:21:49","modified_gmt":"2013-06-16T18:21:49","slug":"eviers-et-lavabos","status":"publish","type":"page","link":"https:\/\/www.jiva.cz\/fr\/service-fr\/maison-et-jardin\/eviers-et-lavabos","title":{"rendered":"\u00c9viers et lavabos"},"content":{"rendered":"<p>Nous proposons des produits de cette gamme tant pour les m\u00e9nages que pour le secteur commercial. Il s\u2019agit des \u00e9viers enti\u00e8rement en inox et des lavabos muraux. Ils sont livr\u00e9s en \u00e9tat soud\u00e9. Suite \u00e0 un accord avec le client, nous sommes capables d\u2019\u00e9quiper ces produits de robinets de tout type sur le march\u00e9.<\/p>\nngg_shortcode_0_placeholder\n","protected":false},"excerpt":{"rendered":"<p>Nous proposons des produits de cette gamme tant pour les m\u00e9nages que pour le secteur commercial. Il s\u2019agit des \u00e9viers enti\u00e8rement en inox et des lavabos muraux. Ils sont livr\u00e9s en \u00e9tat soud\u00e9. Suite \u00e0 un accord avec le client, nous sommes capables d\u2019\u00e9quiper ces produits de robinets de tout type sur le march\u00e9.<\/p>\n","protected":false},"author":2,"featured_media":282,"parent":990,"menu_order":0,"comment_status":"closed","ping_status":"closed","template":"","meta":{"ngg_post_thumbnail":0},"_links":{"self":[{"href":"https:\/\/www.jiva.cz\/fr\/wp-json\/wp\/v2\/pages\/1000"}],"collection":[{"href":"https:\/\/www.jiva.cz\/fr\/wp-json\/wp\/v2\/pages"}],"about":[{"href":"https:\/\/www.jiva.cz\/fr\/wp-json\/wp\/v2\/types\/page"}],"author":[{"embeddable":true,"href":"https:\/\/www.jiva.cz\/fr\/wp-json\/wp\/v2\/users\/2"}],"replies":[{"embeddable":true,"href":"https:\/\/www.jiva.cz\/fr\/wp-json\/wp\/v2\/comments?post=1000"}],"version-history":[{"count":0,"href":"https:\/\/www.jiva.cz\/fr\/wp-json\/wp\/v2\/pages\/1000\/revisions"}],"up":[{"embeddable":true,"href":"https:\/\/www.jiva.cz\/fr\/wp-json\/wp\/v2\/pages\/990"}],"wp:featuredmedia":[{"embeddable":true,"href":"https:\/\/www.jiva.cz\/fr\/wp-json\/wp\/v2\/media\/282"}],"wp:attachment":[{"href":"https:\/\/www.jiva.cz\/fr\/wp-json\/wp\/v2\/media?parent=1000"}],"curies":[{"name":"wp","href":"https:\/\/api.w.org\/{rel}","templated":true}]}}