{"id":1002,"date":"2013-06-15T20:58:58","date_gmt":"2013-06-15T20:58:58","guid":{"rendered":"http:\/\/www.jiva.cz\/?page_id=1002"},"modified":"2013-06-19T07:27:45","modified_gmt":"2013-06-19T07:27:45","slug":"mobilier-de-jardin","status":"publish","type":"page","link":"https:\/\/www.jiva.cz\/fr\/service-fr\/maison-et-jardin\/mobilier-de-jardin","title":{"rendered":"Mobilier de jardin"},"content":{"rendered":"<p>Des ensembles de tables et de chaises de diff\u00e9rentes tailles et de formes. Des chaises longues r\u00e9glables. Grilles et abris-b\u00fbches. Cette gamme en inox personnalisera votre jardin ou une terrasse de votre maison individuelle, donnera un aspect \u00e9l\u00e9gant \u00e0 votre restaurant ou au bar. Les photos des produits pr\u00e9sent\u00e9s ne sont pas conctractuelles \u2013 il faut les comprendre comme une inspiration, car la fantaisie d\u2019un client n\u2019a aucun limite.<\/p>\nngg_shortcode_0_placeholder\n","protected":false},"excerpt":{"rendered":"<p>Des ensembles de tables et de chaises de diff\u00e9rentes tailles et de formes. Des chaises longues r\u00e9glables. Grilles et abris-b\u00fbches. Cette gamme en inox personnalisera votre jardin ou une terrasse de votre maison individuelle, donnera un aspect \u00e9l\u00e9gant \u00e0 votre restaurant ou au bar. Les photos des produits pr\u00e9sent\u00e9s ne sont pas conctractuelles \u2013 il [&hellip;]<\/p>\n","protected":false},"author":2,"featured_media":282,"parent":990,"menu_order":0,"comment_status":"closed","ping_status":"closed","template":"","meta":{"ngg_post_thumbnail":0},"_links":{"self":[{"href":"https:\/\/www.jiva.cz\/fr\/wp-json\/wp\/v2\/pages\/1002"}],"collection":[{"href":"https:\/\/www.jiva.cz\/fr\/wp-json\/wp\/v2\/pages"}],"about":[{"href":"https:\/\/www.jiva.cz\/fr\/wp-json\/wp\/v2\/types\/page"}],"author":[{"embeddable":true,"href":"https:\/\/www.jiva.cz\/fr\/wp-json\/wp\/v2\/users\/2"}],"replies":[{"embeddable":true,"href":"https:\/\/www.jiva.cz\/fr\/wp-json\/wp\/v2\/comments?post=1002"}],"version-history":[{"count":0,"href":"https:\/\/www.jiva.cz\/fr\/wp-json\/wp\/v2\/pages\/1002\/revisions"}],"up":[{"embeddable":true,"href":"https:\/\/www.jiva.cz\/fr\/wp-json\/wp\/v2\/pages\/990"}],"wp:featuredmedia":[{"embeddable":true,"href":"https:\/\/www.jiva.cz\/fr\/wp-json\/wp\/v2\/media\/282"}],"wp:attachment":[{"href":"https:\/\/www.jiva.cz\/fr\/wp-json\/wp\/v2\/media?parent=1002"}],"curies":[{"name":"wp","href":"https:\/\/api.w.org\/{rel}","templated":true}]}}