{"id":1004,"date":"2013-06-15T20:59:42","date_gmt":"2013-06-15T20:59:42","guid":{"rendered":"http:\/\/www.jiva.cz\/?page_id=1004"},"modified":"2013-06-16T18:22:18","modified_gmt":"2013-06-16T18:22:18","slug":"cloture-portes-portails","status":"publish","type":"page","link":"https:\/\/www.jiva.cz\/fr\/service-fr\/maison-et-jardin\/cloture-portes-portails","title":{"rendered":"Clot\u00fbre, portes, portails"},"content":{"rendered":"<p>Des cl\u00f4tures en inox sont tr\u00e8s pratiques. Pas d\u2019entretien, pas de passage de pinceau r\u00e9p\u00e9t\u00e9 pour les prot\u00e9g\u00e9r contre les intemp\u00e9ris, etc. Elles sont solides et elles r\u00e9sistent m\u00eame aux endommagements m\u00e9caniques. Nous vous proposons les livraisons des cl\u00f4tures, des portillons d\u2019entr\u00e9e ainsi que des portails pour voiture, tout en inox.<\/p>\nngg_shortcode_0_placeholder\n","protected":false},"excerpt":{"rendered":"<p>Des cl\u00f4tures en inox sont tr\u00e8s pratiques. Pas d\u2019entretien, pas de passage de pinceau r\u00e9p\u00e9t\u00e9 pour les prot\u00e9g\u00e9r contre les intemp\u00e9ris, etc. Elles sont solides et elles r\u00e9sistent m\u00eame aux endommagements m\u00e9caniques. Nous vous proposons les livraisons des cl\u00f4tures, des portillons d\u2019entr\u00e9e ainsi que des portails pour voiture, tout en inox.<\/p>\n","protected":false},"author":2,"featured_media":282,"parent":990,"menu_order":0,"comment_status":"closed","ping_status":"closed","template":"","meta":{"ngg_post_thumbnail":0},"_links":{"self":[{"href":"https:\/\/www.jiva.cz\/fr\/wp-json\/wp\/v2\/pages\/1004"}],"collection":[{"href":"https:\/\/www.jiva.cz\/fr\/wp-json\/wp\/v2\/pages"}],"about":[{"href":"https:\/\/www.jiva.cz\/fr\/wp-json\/wp\/v2\/types\/page"}],"author":[{"embeddable":true,"href":"https:\/\/www.jiva.cz\/fr\/wp-json\/wp\/v2\/users\/2"}],"replies":[{"embeddable":true,"href":"https:\/\/www.jiva.cz\/fr\/wp-json\/wp\/v2\/comments?post=1004"}],"version-history":[{"count":0,"href":"https:\/\/www.jiva.cz\/fr\/wp-json\/wp\/v2\/pages\/1004\/revisions"}],"up":[{"embeddable":true,"href":"https:\/\/www.jiva.cz\/fr\/wp-json\/wp\/v2\/pages\/990"}],"wp:featuredmedia":[{"embeddable":true,"href":"https:\/\/www.jiva.cz\/fr\/wp-json\/wp\/v2\/media\/282"}],"wp:attachment":[{"href":"https:\/\/www.jiva.cz\/fr\/wp-json\/wp\/v2\/media?parent=1004"}],"curies":[{"name":"wp","href":"https:\/\/api.w.org\/{rel}","templated":true}]}}