{"id":1509,"date":"2013-09-02T14:37:09","date_gmt":"2013-09-02T14:37:09","guid":{"rendered":"http:\/\/www.jiva.cz\/?page_id=1509"},"modified":"2013-09-02T14:37:09","modified_gmt":"2013-09-02T14:37:09","slug":"catalogue-sante","status":"publish","type":"page","link":"https:\/\/www.jiva.cz\/fr\/service-fr\/sante\/catalogue-sante","title":{"rendered":"Catalogue Sant\u00e9"},"content":{"rendered":"<p>Version \u00e9lectronique du catalogue en cours de pr\u00e9paration. Sur la base de votre demande, nous vous enverrons notre catalogue par poste.<\/p>\n","protected":false},"excerpt":{"rendered":"<p>Version \u00e9lectronique du catalogue en cours de pr\u00e9paration. Sur la base de votre demande, nous vous enverrons notre catalogue par poste.<\/p>\n","protected":false},"author":2,"featured_media":278,"parent":954,"menu_order":0,"comment_status":"closed","ping_status":"closed","template":"","meta":{"ngg_post_thumbnail":0},"_links":{"self":[{"href":"https:\/\/www.jiva.cz\/fr\/wp-json\/wp\/v2\/pages\/1509"}],"collection":[{"href":"https:\/\/www.jiva.cz\/fr\/wp-json\/wp\/v2\/pages"}],"about":[{"href":"https:\/\/www.jiva.cz\/fr\/wp-json\/wp\/v2\/types\/page"}],"author":[{"embeddable":true,"href":"https:\/\/www.jiva.cz\/fr\/wp-json\/wp\/v2\/users\/2"}],"replies":[{"embeddable":true,"href":"https:\/\/www.jiva.cz\/fr\/wp-json\/wp\/v2\/comments?post=1509"}],"version-history":[{"count":0,"href":"https:\/\/www.jiva.cz\/fr\/wp-json\/wp\/v2\/pages\/1509\/revisions"}],"up":[{"embeddable":true,"href":"https:\/\/www.jiva.cz\/fr\/wp-json\/wp\/v2\/pages\/954"}],"wp:featuredmedia":[{"embeddable":true,"href":"https:\/\/www.jiva.cz\/fr\/wp-json\/wp\/v2\/media\/278"}],"wp:attachment":[{"href":"https:\/\/www.jiva.cz\/fr\/wp-json\/wp\/v2\/media?parent=1509"}],"curies":[{"name":"wp","href":"https:\/\/api.w.org\/{rel}","templated":true}]}}