{"id":916,"date":"2013-06-15T20:10:10","date_gmt":"2013-06-15T20:10:10","guid":{"rendered":"http:\/\/www.jiva.cz\/?page_id=916"},"modified":"2013-09-02T10:20:28","modified_gmt":"2013-09-02T10:20:28","slug":"informations-sur-la-societe","status":"publish","type":"page","link":"https:\/\/www.jiva.cz\/fr\/informations-sur-la-societe","title":{"rendered":"Informations sur la soci\u00e9t\u00e9"},"content":{"rendered":"<p>JIVA JIR\u00c1K v\u00fdroba velkokuchy?sk\u00e9ho za?\u00edzen\u00ed spol. s r.o. est une soci\u00e9t\u00e9 de fabrication de famille fond\u00e9e d\u00e9j\u00e0 en 1935. D\u00e8s le d\u00e9but de l\u2019existance de l\u2019entreprise, nous proposions de nombreux produits facilitant le travail dans des lieux d\u2019exploitation gastronomiques. Apr\u00e8s avoir restitu\u00e9 la soci\u00e9t\u00e9 en 1990, nous avons repris imm\u00e9diatement cette tradition et tous les ans, nous \u00e9largissons nos gammes de produits. En fonction de vos demandes, nous sommes capables\u00a0 d\u2019\u00e9quiper vos cuisines, offices, cantines scolaires et d\u2019entreprise, de restaurants \u00a0et d\u2019autres lieux d\u2018exploitations de gastronomie. Nos gammes de produits fabriqu\u00e9es ont \u00e9t\u00e9 \u00e9largies de: livraisons d\u2019\u00e9quipements en inox dans les h\u00f4pitaux, mobilier urbain, \u00e9quipements de maisons, \u00a0mobilier de jardin ainsi que d\u2018accessoires en inox pour les besoins de l\u2019industrie de construction. Notre entreprise emploie une dizaine de collaborateurs\u00a0 exp\u00e9riment\u00e9s et sp\u00e9cialistes dans leur domaine. Notre si\u00e8ge se situe dans les halls de production modernes dans la ville de Vestec pr\u00e8s de Prague et l\u2019activit\u00e9 de la soci\u00e9t\u00e9 g\u00e9n\u00e8re des centaines de millions de CA. Le parc machines est r\u00e9guli\u00e8rement renouvel\u00e9 conform\u00e9ment aux proc\u00e9d\u00e9s technologiques les plus modernes et aux tendances dans la transformation de l\u2019inox. Un bureau d\u2019ing\u00e9nierie fait partie de notre soci\u00e9t\u00e9 et cette entit\u00e9 traite des commandes en fonction des besoins de nos clients, y compris la prise de c\u00f4te et l\u2019activit\u00e9 de conseil. L\u2019assemblage des produits est effectu\u00e9 par nos sp\u00e9cialistes et si le client souhaite assurer le transport de la marchandise sur le lieu d\u2019assemblage, nous sommes en mesure de fournir cette prestation \u00e0 l\u2019aide de notre parc voitures.<\/p>\nngg_shortcode_0_placeholder\n<h2>Histoire<\/h2>\n<p>L\u2019histoire de la soci\u00e9t\u00e9 remonte vraiment loin. Le grand-p\u00e8re des propri\u00e9taires actuels a pass\u00e9 sa formation dans l\u2019\u00e9tablissement Kaliba. Cette soci\u00e9t\u00e9 \u00e9tait l\u00b4une de rares qui s\u00b4\u00e9tait occup\u00e9e des livraisons d\u2018 \u00e9quipements dans des cuisines. Plus tard, monsieur V\u00e1clav JIR\u00c1K (n\u00e9 en 1898) a quitt\u00e9 cette entreprise pour s\u2019installer sur son propre compte.<\/p>\nngg_shortcode_1_placeholder\n<p>En 1935, il a cr\u00e9\u00e9 sa propre entreprise et dans son garage, il a fabriqu\u00e9 des fours p\u00e2tissiers et des po\u00eales en t\u00f4le ou \u00e9maill\u00e9es. A l\u2019\u00e9poque, c\u2019\u00e9tait le produit qui ne devait manquer dans aucun m\u00e9nage. \u00a0Tr\u00e8s t\u00f4t, monsieur V\u00e1clav JIR\u00c1K a amen\u00e9 son fils dans la soci\u00e9t\u00e9 et ils ont d\u00e9m\u00e9nag\u00e9 du garage dans un petit hall de fabrication. Bient\u00f4t, le pays a \u00e9t\u00e9 pris par la guerre et quelques ann\u00e9es plus tard apr\u00e8s sa fin, la nationalisation avait lieu. Pendant 40 ans, la soci\u00e9t\u00e9 d\u2019\u00e9tat Komex exer\u00e7ait ses activit\u00e9s dans ces locaux.<\/p>\n<p>Apr\u00e8s la r\u00e9volution de velours en 1989, l\u2019occasion de reprendre la patrimoine s\u2019est pr\u00e9sent\u00e9e aux propri\u00e9taires d\u2019origine et la famille a saisie l\u2019occasion. M. Ladislav JIR\u00c1K a repris avec ses fils l\u2019entreprise en propri\u00e9t\u00e9 priv\u00e9e. Aujourd\u2019hui, c\u2019est la 4<sup>e <\/sup>g\u00e9n\u00e9ration de la famille JIR\u00c1K qui fabrique des installations en inox pour divers domaines. Les produits de la soci\u00e9t\u00e9 sont pr\u00e9sents non seulement dans des locaux comme banques, h\u00f4tels, restaurants, h\u00f4pitaux, mais \u00e9galement dans des arri\u00e8res des a\u00e9roports ou prisons.<\/p>\n","protected":false},"excerpt":{"rendered":"<p>JIVA JIR\u00c1K v\u00fdroba velkokuchy?sk\u00e9ho za?\u00edzen\u00ed spol. s r.o. est une soci\u00e9t\u00e9 de fabrication de famille fond\u00e9e d\u00e9j\u00e0 en 1935. D\u00e8s le d\u00e9but de l\u2019existance de l\u2019entreprise, nous proposions de nombreux produits facilitant le travail dans des lieux d\u2019exploitation gastronomiques. Apr\u00e8s avoir restitu\u00e9 la soci\u00e9t\u00e9 en 1990, nous avons repris imm\u00e9diatement cette tradition et tous les [&hellip;]<\/p>\n","protected":false},"author":2,"featured_media":1448,"parent":0,"menu_order":0,"comment_status":"closed","ping_status":"closed","template":"tpl_contact.php","meta":{"ngg_post_thumbnail":0},"_links":{"self":[{"href":"https:\/\/www.jiva.cz\/fr\/wp-json\/wp\/v2\/pages\/916"}],"collection":[{"href":"https:\/\/www.jiva.cz\/fr\/wp-json\/wp\/v2\/pages"}],"about":[{"href":"https:\/\/www.jiva.cz\/fr\/wp-json\/wp\/v2\/types\/page"}],"author":[{"embeddable":true,"href":"https:\/\/www.jiva.cz\/fr\/wp-json\/wp\/v2\/users\/2"}],"replies":[{"embeddable":true,"href":"https:\/\/www.jiva.cz\/fr\/wp-json\/wp\/v2\/comments?post=916"}],"version-history":[{"count":0,"href":"https:\/\/www.jiva.cz\/fr\/wp-json\/wp\/v2\/pages\/916\/revisions"}],"wp:featuredmedia":[{"embeddable":true,"href":"https:\/\/www.jiva.cz\/fr\/wp-json\/wp\/v2\/media\/1448"}],"wp:attachment":[{"href":"https:\/\/www.jiva.cz\/fr\/wp-json\/wp\/v2\/media?parent=916"}],"curies":[{"name":"wp","href":"https:\/\/api.w.org\/{rel}","templated":true}]}}