{"id":918,"date":"2013-06-15T20:12:12","date_gmt":"2013-06-15T20:12:12","guid":{"rendered":"http:\/\/www.jiva.cz\/?page_id=918"},"modified":"2013-06-16T20:40:08","modified_gmt":"2013-06-16T20:40:08","slug":"jiva-jirak","status":"publish","type":"page","link":"https:\/\/www.jiva.cz\/fr","title":{"rendered":"Jiva Jir\u00e1k"},"content":{"rendered":"<h2>Pourquoi la soci\u00e9t\u00e9 JIVA<\/h2>\n<h3>De nombreux fabricants utilisant l\u2019inox op\u00e8rent sur le march\u00e9. Pourquoi votre choix devrait se porter sur la soci\u00e9t\u00e9 Jiva Jir\u00e1k?<\/h3>\n<div class=\"grid-row\">\n<div class=\"col i5\">\n<ul>\n<li>Nous sommes sur le march\u00e9 depuis l\u2019an 1935, ce qui nous positionne comme un v\u00e9ritable partenaire dans le domaine de la transformation de l\u2019inox.<\/li>\n<li>D\u00e9marche professionnelle<\/li>\n<li>Nous proposons nos exp\u00e9riences, informations et r\u00e9f\u00e9rences issues de nombreux domaines industriels et de projets r\u00e9alis\u00e9s non seulement sur le territoire de la R\u00e9publique tch\u00e8que, mais \u00e9galement dans les pays de l\u2019UE.<\/li>\n<li>Dans \u00a0la production, nous mettons en oeuvre des technologies les plus modernes: laser (4000&#215;2000 mm), CNC presses plieuses (1000 mm, 2&#215;2500 mm, 1&#215;3500 mm), CNC cisaille (2500 mm), NC machines \u00e0 scier et cintreuses \u00e0 tube, qui garantissent une grande pr\u00e9cision et une qualit\u00e9 de r\u00e9alisation.<\/li>\n<li>Gr\u00e2ce \u00e0 notre propre bureau d\u2019ing\u00e9nierie, nous sommes en mesure de r\u00e9aliser des projets pr\u00e9cis\u00e9ment en fonction des demandes des clients et nous ne nous arr\u00eatons pas aux produits standards.<\/li>\n<li>A l\u2019aide de notre propre \u00e9quipe de techniciens de maintenance, nous r\u00e9pondons rapidement aux besoins de r\u00e9parations tant pendant la p\u00e9riode de garantie, qu\u2018en cas du besoin du SAV.<\/li>\n<\/ul>\n<\/div>\n<div class=\"col i7\"><iframe loading=\"lazy\" src=\"http:\/\/www.youtube.com\/embed\/7tb6maCezbg\" height=\"300\" width=\"450\" allowfullscreen=\"\" frameborder=\"0\"><\/iframe><\/div>\n<\/div>\n","protected":false},"excerpt":{"rendered":"<p>Pourquoi la soci\u00e9t\u00e9 JIVA De nombreux fabricants utilisant l\u2019inox op\u00e8rent sur le march\u00e9. Pourquoi votre choix devrait se porter sur la soci\u00e9t\u00e9 Jiva Jir\u00e1k? Nous sommes sur le march\u00e9 depuis l\u2019an 1935, ce qui nous positionne comme un v\u00e9ritable partenaire dans le domaine de la transformation de l\u2019inox. D\u00e9marche professionnelle Nous proposons nos exp\u00e9riences, informations [&hellip;]<\/p>\n","protected":false},"author":2,"featured_media":0,"parent":0,"menu_order":0,"comment_status":"closed","ping_status":"closed","template":"","meta":{"ngg_post_thumbnail":0},"_links":{"self":[{"href":"https:\/\/www.jiva.cz\/fr\/wp-json\/wp\/v2\/pages\/918"}],"collection":[{"href":"https:\/\/www.jiva.cz\/fr\/wp-json\/wp\/v2\/pages"}],"about":[{"href":"https:\/\/www.jiva.cz\/fr\/wp-json\/wp\/v2\/types\/page"}],"author":[{"embeddable":true,"href":"https:\/\/www.jiva.cz\/fr\/wp-json\/wp\/v2\/users\/2"}],"replies":[{"embeddable":true,"href":"https:\/\/www.jiva.cz\/fr\/wp-json\/wp\/v2\/comments?post=918"}],"version-history":[{"count":0,"href":"https:\/\/www.jiva.cz\/fr\/wp-json\/wp\/v2\/pages\/918\/revisions"}],"wp:attachment":[{"href":"https:\/\/www.jiva.cz\/fr\/wp-json\/wp\/v2\/media?parent=918"}],"curies":[{"name":"wp","href":"https:\/\/api.w.org\/{rel}","templated":true}]}}