{"id":924,"date":"2013-06-15T20:17:55","date_gmt":"2013-06-15T20:17:55","guid":{"rendered":"http:\/\/www.jiva.cz\/?page_id=924"},"modified":"2013-06-19T07:30:31","modified_gmt":"2013-06-19T07:30:31","slug":"references","status":"publish","type":"page","link":"https:\/\/www.jiva.cz\/fr\/references","title":{"rendered":"R\u00e9f\u00e9rences"},"content":{"rendered":"<p>Nous pouvons citer de nombreuses r\u00e9f\u00e9rences et de nombreux projets r\u00e9alis\u00e9s pendant l\u2019existance de la soci\u00e9t\u00e9 Jiva Jir\u00e1k. Nous nous permettons de citer les plus importants:<\/p>\n<ul>\n<li>H\u00f4tel St. Thomas \u2013 Prague | cuisine<\/li>\n<li>Ikea Klagenfurt | bar<\/li>\n<li>Ikea Bratislava, Prague &#8211; \u00a0Zli?\u00edn, Vienne, Saint-Petersbourg | syst\u00e8me de distribution de repas, cuisine<\/li>\n<li>H\u00f4pital r\u00e9gional de P?\u00edbram | \u00e9quipement de la salle de st\u00e9rilisation<\/li>\n<li>H\u00f4pital r\u00e9gional de Kladno\u00a0 | \u00e9quipement de la salle de st\u00e9rilisation<\/li>\n<li>C.H.U. de Motol<i> <\/i>| \u00e9quipement de la salle de st\u00e9rilisation, transport souterrain<\/li>\n<li>MK Point \u2013 Prague | syst\u00e8me de distribution de repas, cuisine<\/li>\n<li>T-Mobil Slovaquie | cabines t\u00e9l\u00e9phoniques &#8211; 1800 unit\u00e9s<\/li>\n<li>H\u00f4pital des soeurs de <em>Saint Charles Borrom\u00e9e<\/em> | syst\u00e8me de distribution de repas, cuisine<\/li>\n<li>C.H.U. g\u00e9n\u00e9ral de Prague 2 | cuisine<\/li>\n<li>C.H.U. Kr\u00e1lovsk\u00e9 Vinohrady | cuisine, distribution de repas<\/li>\n<li>Centre de navigation a\u00e9rienne \u2013 ville de Jene? | syst\u00e8me de distribution de repas, cuisine<\/li>\n<li>Maison de retraite Sn?\u017eenkov\u00e1 | Cuisine, distribution de repas<\/li>\n<li>H\u00f4pital Central Militaire | Transport souterrain<\/li>\n<li>BBcentrum \u2013 Immeuble Gama, Philadelphie | syst\u00e8me de distribution de repas, cuisine<\/li>\n<li>Restaurant Kogo | cuisine<\/li>\n<li>Nordsee | syst\u00e8me de distribution de repas, cuisine<\/li>\n<li>Centre commercial ABC Sulice | supermarch\u00e9, restaurant, \u00e9cole maternelle, tabac, salon de th\u00e9, animalerie, fleuriste<\/li>\n<li>Cantine scolaire de Kunratice | syst\u00e8me de distribution de repas, cuisine<\/li>\n<li>\u0160koda Mlad\u00e1 Boleslav | syst\u00e8mes de distribution de repas, cuisines, cantines<\/li>\n<li>H\u00f4tel Clarion\u00a0 | Cuisine<\/li>\n<li>Si\u00e8ge de l\u2019op\u00e9rateur T-Mobil | syst\u00e8me de distribution de repas, cuisine<\/li>\n<li>Radio Europe libre | syst\u00e8me de distribution de repas, cuisine<\/li>\n<li>Chambre des d\u00e9put\u00e9s de la R\u00e9publique tch\u00e8que | cuisine<\/li>\n<li>S\u00e9nat de la R\u00e9publique tch\u00e8que | cuisine<\/li>\n<li>Lyc\u00e9e de Postupick\u00e1 | syst\u00e8me de distribution de repas, cuisine<\/li>\n<li>?EZ Temel\u00edn |\u00a0\u00a0\u00a0\u00a0\u00a0\u00a0\u00a0\u00a0\u00a0\u00a0\u00a0 syst\u00e8me de distribution de repas, cuisine<\/li>\n<li>Ecole maternelle et Ecole primaire Sunny Canadian School | syst\u00e8me de distribution de repas, cuisine<\/li>\n<li>H\u00f4tel \u201e U M?sta V\u00eddn?\u201c \u2013 ville de ?esk\u00fd Krumlov | Cuisine<\/li>\n<li>Ambassade de RT \u00e0 Alma Ata, <em>Kazakhstan<\/em> | cuisine<\/li>\n<li>Ambassade de RT \u00e0 Berne, Suisse | cuisine<\/li>\n<li>\u00cele de Vis, Croatie | poissonnerie<\/li>\n<li>Metro\u00a0 &#8211; rayons alimentaires, Allemagne | am\u00e9nagement des points de vente par \u00eeles r\u00e9frig\u00e9r\u00e9s<\/li>\n<li>Extra\u00a0\u00a0 &#8211; secteur alimentaire, Allemagne | am\u00e9nagement des points de vente par \u00eeles r\u00e9frig\u00e9r\u00e9s<\/li>\n<li>Ford Kechnec, Slovaquie | syst\u00e8me de distribution de repas, cuisine<\/li>\n<li>H\u00f4tel Sheraton, Bratislava, Slovaquie | cuisines, bars<\/li>\n<li>Restaurant Grosseto Marina | cuisines, bars<\/li>\n<li>?esk\u00e9 Dr\u00e1hy |\u00a0 enseigne Praha Hlavn\u00ed N\u00e1dra\u017e\u00ed (Prague Gare Centrale)<\/li>\n<li>Ville de T?ebo? | Bancs, mobilier urbain<\/li>\n<li>Prague 4 | loggias en inox d\u2019une maison pr\u00e9fabriqu\u00e9e<\/li>\n<li>Universit\u00e9 de Cologne, Allemagne | st\u00e9rilisation \u2013 salles propres<\/li>\n<li>Clinique d\u2019Alma-Ata | salle de st\u00e9rilisation centrale<\/li>\n<li>H\u00f4pital de Brashov, Roumanie | am\u00e9nagement des cabinets et salle de st\u00e9rilisation<\/li>\n<\/ul>\n","protected":false},"excerpt":{"rendered":"<p>Nous pouvons citer de nombreuses r\u00e9f\u00e9rences et de nombreux projets r\u00e9alis\u00e9s pendant l\u2019existance de la soci\u00e9t\u00e9 Jiva Jir\u00e1k. Nous nous permettons de citer les plus importants: H\u00f4tel St. Thomas \u2013 Prague | cuisine Ikea Klagenfurt | bar Ikea Bratislava, Prague &#8211; \u00a0Zli?\u00edn, Vienne, Saint-Petersbourg | syst\u00e8me de distribution de repas, cuisine H\u00f4pital r\u00e9gional de P?\u00edbram [&hellip;]<\/p>\n","protected":false},"author":2,"featured_media":380,"parent":0,"menu_order":0,"comment_status":"closed","ping_status":"closed","template":"","meta":{"ngg_post_thumbnail":0},"_links":{"self":[{"href":"https:\/\/www.jiva.cz\/fr\/wp-json\/wp\/v2\/pages\/924"}],"collection":[{"href":"https:\/\/www.jiva.cz\/fr\/wp-json\/wp\/v2\/pages"}],"about":[{"href":"https:\/\/www.jiva.cz\/fr\/wp-json\/wp\/v2\/types\/page"}],"author":[{"embeddable":true,"href":"https:\/\/www.jiva.cz\/fr\/wp-json\/wp\/v2\/users\/2"}],"replies":[{"embeddable":true,"href":"https:\/\/www.jiva.cz\/fr\/wp-json\/wp\/v2\/comments?post=924"}],"version-history":[{"count":0,"href":"https:\/\/www.jiva.cz\/fr\/wp-json\/wp\/v2\/pages\/924\/revisions"}],"wp:featuredmedia":[{"embeddable":true,"href":"https:\/\/www.jiva.cz\/fr\/wp-json\/wp\/v2\/media\/380"}],"wp:attachment":[{"href":"https:\/\/www.jiva.cz\/fr\/wp-json\/wp\/v2\/media?parent=924"}],"curies":[{"name":"wp","href":"https:\/\/api.w.org\/{rel}","templated":true}]}}