{"id":926,"date":"2013-06-15T20:20:30","date_gmt":"2013-06-15T20:20:30","guid":{"rendered":"http:\/\/www.jiva.cz\/?page_id=926"},"modified":"2013-09-02T10:19:00","modified_gmt":"2013-09-02T10:19:00","slug":"nous-contacter","status":"publish","type":"page","link":"https:\/\/www.jiva.cz\/fr\/nous-contacter","title":{"rendered":"Nous contacter"},"content":{"rendered":"<h2>O\u00f9nous trouver?<\/h2>\n<p>Notre soci\u00e9t\u00e9 se trouve dans la ville de Vestec u Prahy, juste \u00e0 quelques kilom\u00e8tres de Prague, direction de la ville de Bene\u0161ov. Le si\u00e8ge de la soci\u00e9t\u00e9 ainsi que le centre de production y sont situ\u00e9s. Pour le premier contact avec notre soci\u00e9t\u00e9, merci de contacter en premier lieu notre d\u00e9partement commercial.<\/p>\n<div class=\"grid-row\">\n<div class=\"col i6\">\n<p><b>JIVA-JIR\u00c1K spol. s r.o.<\/b><br \/>\nK Jahod\u00e1rn? 170, Vestec u Prahy, 252 42 poste Jesenice<br \/>\nT\u00e9l.: +\u00a0420 241 931 828<br \/>\nFax: +\u00a0420 241 932 062<br \/>\ne-mail: <a href=\"mailto:info@jiva.cz\">info@jiva.cz<\/a><\/p>\n<p><a title=\"Mapa\" href=\"https:\/\/maps.google.com\/maps?q=K+Jahod%C3%A1rn%C4%9B+170,+Vestec+u+Prahy&amp;hl=en&amp;ie=UTF8&amp;ll=49.980605,14.505558&amp;spn=0.012529,0.033023&amp;sll=37.0625,-95.677068&amp;sspn=62.057085,135.263672&amp;hnear=K+Jahod%C3%A1rn%C4%9B+170,+252+42+Vestec,+Czech+Republic&amp;t=m&amp;z=16\" target=\"_blank\"><img loading=\"lazy\" alt=\"mapa.jpg, 51kB\" src=\"http:\/\/www.jiva.cz\/wp-content\/uploads\/2013\/04\/mapa.jpg\" width=\"411\" height=\"233\" \/><\/a><\/p>\n<\/div>\n<div class=\"col i6 no-print\">\n<h2>Formulaire de contact<\/h2>\n<p>\u00c9crivez-nous<\/p>\n<p>[contact-form-7 id=\u00a0\u00bb1267&Prime;]<\/p>\n<\/div>\n<\/div>\n","protected":false},"excerpt":{"rendered":"<p>O\u00f9nous trouver? Notre soci\u00e9t\u00e9 se trouve dans la ville de Vestec u Prahy, juste \u00e0 quelques kilom\u00e8tres de Prague, direction de la ville de Bene\u0161ov. Le si\u00e8ge de la soci\u00e9t\u00e9 ainsi que le centre de production y sont situ\u00e9s. Pour le premier contact avec notre soci\u00e9t\u00e9, merci de contacter en premier lieu notre d\u00e9partement commercial. [&hellip;]<\/p>\n","protected":false},"author":2,"featured_media":1448,"parent":0,"menu_order":0,"comment_status":"closed","ping_status":"closed","template":"tpl_contact.php","meta":{"ngg_post_thumbnail":0},"_links":{"self":[{"href":"https:\/\/www.jiva.cz\/fr\/wp-json\/wp\/v2\/pages\/926"}],"collection":[{"href":"https:\/\/www.jiva.cz\/fr\/wp-json\/wp\/v2\/pages"}],"about":[{"href":"https:\/\/www.jiva.cz\/fr\/wp-json\/wp\/v2\/types\/page"}],"author":[{"embeddable":true,"href":"https:\/\/www.jiva.cz\/fr\/wp-json\/wp\/v2\/users\/2"}],"replies":[{"embeddable":true,"href":"https:\/\/www.jiva.cz\/fr\/wp-json\/wp\/v2\/comments?post=926"}],"version-history":[{"count":0,"href":"https:\/\/www.jiva.cz\/fr\/wp-json\/wp\/v2\/pages\/926\/revisions"}],"wp:featuredmedia":[{"embeddable":true,"href":"https:\/\/www.jiva.cz\/fr\/wp-json\/wp\/v2\/media\/1448"}],"wp:attachment":[{"href":"https:\/\/www.jiva.cz\/fr\/wp-json\/wp\/v2\/media?parent=926"}],"curies":[{"name":"wp","href":"https:\/\/api.w.org\/{rel}","templated":true}]}}