{"id":941,"date":"2013-06-15T20:31:12","date_gmt":"2013-06-15T20:31:12","guid":{"rendered":"http:\/\/www.jiva.cz\/?page_id=941"},"modified":"2014-08-13T21:35:01","modified_gmt":"2014-08-13T21:35:01","slug":"gastronomie","status":"publish","type":"page","link":"https:\/\/www.jiva.cz\/fr\/service-fr\/gastronomie","title":{"rendered":"Gastronomie"},"content":{"rendered":"<p>La fabrication des installations de cuisine est l\u2019un de deux piliers principaux de la production de la soci\u00e9t\u00e9 Jiva Jir\u00e1k. De nombreuses exp\u00e9riences dans ce domaine vous garantissent la qualit\u00e9, la fiabilit\u00e9 et l\u2019intemporalit\u00e9 de nos produits. Les projets r\u00e9alis\u00e9s montrent que nous savons r\u00e9pondre aux investissements complets et complexes. Les consultations, projets, pr\u00e9sentations de solutions, production, livraison, assemblage, service \u2013 tout ceci est caract\u00e9ristique pour l\u2019entreprise Jiva Jir\u00e1k.<\/p>\n<p>&nbsp;<\/p>\n","protected":false},"excerpt":{"rendered":"<p>La fabrication des installations de cuisine est l\u2019un de deux piliers principaux de la production de la soci\u00e9t\u00e9 Jiva Jir\u00e1k. De nombreuses exp\u00e9riences dans ce domaine vous garantissent la qualit\u00e9, la fiabilit\u00e9 et l\u2019intemporalit\u00e9 de nos produits. Les projets r\u00e9alis\u00e9s montrent que nous savons r\u00e9pondre aux investissements complets et complexes. Les consultations, projets, pr\u00e9sentations de [&hellip;]<\/p>\n","protected":false},"author":2,"featured_media":1762,"parent":1010,"menu_order":0,"comment_status":"closed","ping_status":"closed","template":"","meta":{"ngg_post_thumbnail":0},"_links":{"self":[{"href":"https:\/\/www.jiva.cz\/fr\/wp-json\/wp\/v2\/pages\/941"}],"collection":[{"href":"https:\/\/www.jiva.cz\/fr\/wp-json\/wp\/v2\/pages"}],"about":[{"href":"https:\/\/www.jiva.cz\/fr\/wp-json\/wp\/v2\/types\/page"}],"author":[{"embeddable":true,"href":"https:\/\/www.jiva.cz\/fr\/wp-json\/wp\/v2\/users\/2"}],"replies":[{"embeddable":true,"href":"https:\/\/www.jiva.cz\/fr\/wp-json\/wp\/v2\/comments?post=941"}],"version-history":[{"count":0,"href":"https:\/\/www.jiva.cz\/fr\/wp-json\/wp\/v2\/pages\/941\/revisions"}],"up":[{"embeddable":true,"href":"https:\/\/www.jiva.cz\/fr\/wp-json\/wp\/v2\/pages\/1010"}],"wp:featuredmedia":[{"embeddable":true,"href":"https:\/\/www.jiva.cz\/fr\/wp-json\/wp\/v2\/media\/1762"}],"wp:attachment":[{"href":"https:\/\/www.jiva.cz\/fr\/wp-json\/wp\/v2\/media?parent=941"}],"curies":[{"name":"wp","href":"https:\/\/api.w.org\/{rel}","templated":true}]}}