{"id":943,"date":"2013-06-15T20:31:38","date_gmt":"2013-06-15T20:31:38","guid":{"rendered":"http:\/\/www.jiva.cz\/?page_id=943"},"modified":"2013-06-16T18:26:35","modified_gmt":"2013-06-16T18:26:35","slug":"cuisine","status":"publish","type":"page","link":"https:\/\/www.jiva.cz\/fr\/service-fr\/gastronomie\/cuisine","title":{"rendered":"Cuisine"},"content":{"rendered":"<p>Notre soci\u00e9t\u00e9 fournit en fonction des demandes et des besoins de ses clients les \u00e9quipements dans les locaux \u00e0 usage professionnelle soit comme un ensemble ou des produits requis choisis. Les cuisines elles-m\u00eames, y compris les arri\u00e8res peuvent \u00eatre \u00e9quip\u00e9es de technologies de diff\u00e9rents fabricants en fonction des demandes des clients ainsi qu\u2019en fonction des moyens financiers \u00e0 investir. Nous sommes en mesure de fournir des technologies qui sont financi\u00e8rement et qualitativement au niveau moyen et\/ou au top niveau, donc plus chers. \u00a0La proposition et la solution finales sont le r\u00e9sultat des consultations mutuelles entre notre d\u00e9partement commercial et le client.<\/p>\nngg_shortcode_0_placeholder\n","protected":false},"excerpt":{"rendered":"<p>Notre soci\u00e9t\u00e9 fournit en fonction des demandes et des besoins de ses clients les \u00e9quipements dans les locaux \u00e0 usage professionnelle soit comme un ensemble ou des produits requis choisis. Les cuisines elles-m\u00eames, y compris les arri\u00e8res peuvent \u00eatre \u00e9quip\u00e9es de technologies de diff\u00e9rents fabricants en fonction des demandes des clients ainsi qu\u2019en fonction des [&hellip;]<\/p>\n","protected":false},"author":2,"featured_media":275,"parent":941,"menu_order":0,"comment_status":"closed","ping_status":"closed","template":"","meta":{"ngg_post_thumbnail":0},"_links":{"self":[{"href":"https:\/\/www.jiva.cz\/fr\/wp-json\/wp\/v2\/pages\/943"}],"collection":[{"href":"https:\/\/www.jiva.cz\/fr\/wp-json\/wp\/v2\/pages"}],"about":[{"href":"https:\/\/www.jiva.cz\/fr\/wp-json\/wp\/v2\/types\/page"}],"author":[{"embeddable":true,"href":"https:\/\/www.jiva.cz\/fr\/wp-json\/wp\/v2\/users\/2"}],"replies":[{"embeddable":true,"href":"https:\/\/www.jiva.cz\/fr\/wp-json\/wp\/v2\/comments?post=943"}],"version-history":[{"count":0,"href":"https:\/\/www.jiva.cz\/fr\/wp-json\/wp\/v2\/pages\/943\/revisions"}],"up":[{"embeddable":true,"href":"https:\/\/www.jiva.cz\/fr\/wp-json\/wp\/v2\/pages\/941"}],"wp:featuredmedia":[{"embeddable":true,"href":"https:\/\/www.jiva.cz\/fr\/wp-json\/wp\/v2\/media\/275"}],"wp:attachment":[{"href":"https:\/\/www.jiva.cz\/fr\/wp-json\/wp\/v2\/media?parent=943"}],"curies":[{"name":"wp","href":"https:\/\/api.w.org\/{rel}","templated":true}]}}