{"id":944,"date":"2013-06-15T20:32:56","date_gmt":"2013-06-15T20:32:56","guid":{"rendered":"http:\/\/www.jiva.cz\/?page_id=944"},"modified":"2013-06-16T18:25:52","modified_gmt":"2013-06-16T18:25:52","slug":"systemes-de-distribution-de-repas","status":"publish","type":"page","link":"https:\/\/www.jiva.cz\/fr\/service-fr\/gastronomie\/systemes-de-distribution-de-repas","title":{"rendered":"Convoyeurs"},"content":{"rendered":"<p>Il faut oublier les temps de fen\u00eatres pleines de la vaisselle utilis\u00e9e et des personnes qui n\u2019arrivaient pas \u00e0 les enlever. Optez pour une solution inovante. Notre soci\u00e9t\u00e9 vous produira des convoyeurs rotatifs ou \u00e0 bande pour transporter la vaisselle utilis\u00e9e qui se font remarquer par leur qualit\u00e9 de fonctionnement, par leur vitesse, une commande simple et par le fait qu\u2019ils \u00e9vitent une vue ind\u00e9sirable des pensionnaires dans des locaux destin\u00e9s au lavage de la vaisselle.<\/p>\nngg_shortcode_0_placeholder\n","protected":false},"excerpt":{"rendered":"<p>Il faut oublier les temps de fen\u00eatres pleines de la vaisselle utilis\u00e9e et des personnes qui n\u2019arrivaient pas \u00e0 les enlever. Optez pour une solution inovante. Notre soci\u00e9t\u00e9 vous produira des convoyeurs rotatifs ou \u00e0 bande pour transporter la vaisselle utilis\u00e9e qui se font remarquer par leur qualit\u00e9 de fonctionnement, par leur vitesse, une commande [&hellip;]<\/p>\n","protected":false},"author":2,"featured_media":275,"parent":941,"menu_order":0,"comment_status":"closed","ping_status":"closed","template":"","meta":{"ngg_post_thumbnail":0},"_links":{"self":[{"href":"https:\/\/www.jiva.cz\/fr\/wp-json\/wp\/v2\/pages\/944"}],"collection":[{"href":"https:\/\/www.jiva.cz\/fr\/wp-json\/wp\/v2\/pages"}],"about":[{"href":"https:\/\/www.jiva.cz\/fr\/wp-json\/wp\/v2\/types\/page"}],"author":[{"embeddable":true,"href":"https:\/\/www.jiva.cz\/fr\/wp-json\/wp\/v2\/users\/2"}],"replies":[{"embeddable":true,"href":"https:\/\/www.jiva.cz\/fr\/wp-json\/wp\/v2\/comments?post=944"}],"version-history":[{"count":0,"href":"https:\/\/www.jiva.cz\/fr\/wp-json\/wp\/v2\/pages\/944\/revisions"}],"up":[{"embeddable":true,"href":"https:\/\/www.jiva.cz\/fr\/wp-json\/wp\/v2\/pages\/941"}],"wp:featuredmedia":[{"embeddable":true,"href":"https:\/\/www.jiva.cz\/fr\/wp-json\/wp\/v2\/media\/275"}],"wp:attachment":[{"href":"https:\/\/www.jiva.cz\/fr\/wp-json\/wp\/v2\/media?parent=944"}],"curies":[{"name":"wp","href":"https:\/\/api.w.org\/{rel}","templated":true}]}}