{"id":948,"date":"2013-06-15T20:35:15","date_gmt":"2013-06-15T20:35:15","guid":{"rendered":"http:\/\/www.jiva.cz\/?page_id=948"},"modified":"2013-06-16T18:27:08","modified_gmt":"2013-06-16T18:27:08","slug":"systemes-de-distribution-de-repas-2","status":"publish","type":"page","link":"https:\/\/www.jiva.cz\/fr\/service-fr\/gastronomie\/systemes-de-distribution-de-repas-2","title":{"rendered":"Syst\u00e8mes de distribution de repas"},"content":{"rendered":"<p>La production et les livraisons des syst\u00e8mes de distribution de repas pr\u00e9sentent le sommet des gammes de produits de notre soci\u00e9t\u00e9. Chaque syst\u00e8me de distribution de repas est original et une fois fabriqu\u00e9, il reste unique, car jamais reproduit dans un autre \u00e9tablissement, tant par sa solution technique que par son aspect. La quantit\u00e9 des syst\u00e8mes de distribution de repas produits et install\u00e9s dans le pays \u00a0et \u00e0 l\u2019\u00e9tranger ressort clairement de notre fiche de r\u00e9f\u00e9rence.<\/p>\nngg_shortcode_0_placeholder\n","protected":false},"excerpt":{"rendered":"<p>La production et les livraisons des syst\u00e8mes de distribution de repas pr\u00e9sentent le sommet des gammes de produits de notre soci\u00e9t\u00e9. Chaque syst\u00e8me de distribution de repas est original et une fois fabriqu\u00e9, il reste unique, car jamais reproduit dans un autre \u00e9tablissement, tant par sa solution technique que par son aspect. La quantit\u00e9 des [&hellip;]<\/p>\n","protected":false},"author":2,"featured_media":275,"parent":941,"menu_order":0,"comment_status":"closed","ping_status":"closed","template":"","meta":{"ngg_post_thumbnail":0},"_links":{"self":[{"href":"https:\/\/www.jiva.cz\/fr\/wp-json\/wp\/v2\/pages\/948"}],"collection":[{"href":"https:\/\/www.jiva.cz\/fr\/wp-json\/wp\/v2\/pages"}],"about":[{"href":"https:\/\/www.jiva.cz\/fr\/wp-json\/wp\/v2\/types\/page"}],"author":[{"embeddable":true,"href":"https:\/\/www.jiva.cz\/fr\/wp-json\/wp\/v2\/users\/2"}],"replies":[{"embeddable":true,"href":"https:\/\/www.jiva.cz\/fr\/wp-json\/wp\/v2\/comments?post=948"}],"version-history":[{"count":0,"href":"https:\/\/www.jiva.cz\/fr\/wp-json\/wp\/v2\/pages\/948\/revisions"}],"up":[{"embeddable":true,"href":"https:\/\/www.jiva.cz\/fr\/wp-json\/wp\/v2\/pages\/941"}],"wp:featuredmedia":[{"embeddable":true,"href":"https:\/\/www.jiva.cz\/fr\/wp-json\/wp\/v2\/media\/275"}],"wp:attachment":[{"href":"https:\/\/www.jiva.cz\/fr\/wp-json\/wp\/v2\/media?parent=948"}],"curies":[{"name":"wp","href":"https:\/\/api.w.org\/{rel}","templated":true}]}}