{"id":950,"date":"2013-06-15T20:35:50","date_gmt":"2013-06-15T20:35:50","guid":{"rendered":"http:\/\/www.jiva.cz\/?page_id=950"},"modified":"2013-06-16T18:25:01","modified_gmt":"2013-06-16T18:25:01","slug":"bars-et-restaurants","status":"publish","type":"page","link":"https:\/\/www.jiva.cz\/fr\/service-fr\/gastronomie\/bars-et-restaurants","title":{"rendered":"Bars et restaurants"},"content":{"rendered":"<p>Est-ce que vous am\u00e9nagez un nouvel \u00e9tablissement, \u00e9largissez ou remplacez des installations? N\u2019h\u00e9sitez pas\u00a0 \u00e0 vous adresser \u00e0 nous avec toutes ces demandes. Nous allons r\u00e9pondre \u00e0 vos besoins. Si vous h\u00e9sitez quoi et comment, nous vous accompagnerons et nous vous pr\u00e9senterons une proposition d\u2019une solution compl\u00e8te.<\/p>\nngg_shortcode_0_placeholder\n","protected":false},"excerpt":{"rendered":"<p>Est-ce que vous am\u00e9nagez un nouvel \u00e9tablissement, \u00e9largissez ou remplacez des installations? N\u2019h\u00e9sitez pas\u00a0 \u00e0 vous adresser \u00e0 nous avec toutes ces demandes. Nous allons r\u00e9pondre \u00e0 vos besoins. Si vous h\u00e9sitez quoi et comment, nous vous accompagnerons et nous vous pr\u00e9senterons une proposition d\u2019une solution compl\u00e8te.<\/p>\n","protected":false},"author":2,"featured_media":275,"parent":941,"menu_order":0,"comment_status":"closed","ping_status":"closed","template":"","meta":{"ngg_post_thumbnail":0},"_links":{"self":[{"href":"https:\/\/www.jiva.cz\/fr\/wp-json\/wp\/v2\/pages\/950"}],"collection":[{"href":"https:\/\/www.jiva.cz\/fr\/wp-json\/wp\/v2\/pages"}],"about":[{"href":"https:\/\/www.jiva.cz\/fr\/wp-json\/wp\/v2\/types\/page"}],"author":[{"embeddable":true,"href":"https:\/\/www.jiva.cz\/fr\/wp-json\/wp\/v2\/users\/2"}],"replies":[{"embeddable":true,"href":"https:\/\/www.jiva.cz\/fr\/wp-json\/wp\/v2\/comments?post=950"}],"version-history":[{"count":0,"href":"https:\/\/www.jiva.cz\/fr\/wp-json\/wp\/v2\/pages\/950\/revisions"}],"up":[{"embeddable":true,"href":"https:\/\/www.jiva.cz\/fr\/wp-json\/wp\/v2\/pages\/941"}],"wp:featuredmedia":[{"embeddable":true,"href":"https:\/\/www.jiva.cz\/fr\/wp-json\/wp\/v2\/media\/275"}],"wp:attachment":[{"href":"https:\/\/www.jiva.cz\/fr\/wp-json\/wp\/v2\/media?parent=950"}],"curies":[{"name":"wp","href":"https:\/\/api.w.org\/{rel}","templated":true}]}}