{"id":952,"date":"2013-06-15T20:36:41","date_gmt":"2013-06-15T20:36:41","guid":{"rendered":"http:\/\/www.jiva.cz\/?page_id=952"},"modified":"2013-06-16T18:25:29","modified_gmt":"2013-06-16T18:25:29","slug":"livraisons-cle-en-main","status":"publish","type":"page","link":"https:\/\/www.jiva.cz\/fr\/service-fr\/gastronomie\/livraisons-cle-en-main","title":{"rendered":"Livraisons cl\u00e9 en main"},"content":{"rendered":"<p>Souhaitez-vous \u00e9viter des probl\u00e8mes avec la recherche des fournisseurs et des prestateurs de services dont vous avez besoin pour r\u00e9aliser votre lieu d\u2019exploitation? Avez-vous des couchemars dus \u00e0 l\u2019ordre chronologique des activit\u00e9s \u00e0 effectuer? Si oui, n\u2019h\u00e9sitez pas \u00e0 nous confier la r\u00e9alisation cl\u00e9 en main. Nous assurerons tout et nous reprendrons la commande dans son ensemble.<\/p>\nngg_shortcode_0_placeholder\n","protected":false},"excerpt":{"rendered":"<p>Souhaitez-vous \u00e9viter des probl\u00e8mes avec la recherche des fournisseurs et des prestateurs de services dont vous avez besoin pour r\u00e9aliser votre lieu d\u2019exploitation? Avez-vous des couchemars dus \u00e0 l\u2019ordre chronologique des activit\u00e9s \u00e0 effectuer? Si oui, n\u2019h\u00e9sitez pas \u00e0 nous confier la r\u00e9alisation cl\u00e9 en main. Nous assurerons tout et nous reprendrons la commande dans [&hellip;]<\/p>\n","protected":false},"author":2,"featured_media":275,"parent":941,"menu_order":0,"comment_status":"closed","ping_status":"closed","template":"","meta":{"ngg_post_thumbnail":0},"_links":{"self":[{"href":"https:\/\/www.jiva.cz\/fr\/wp-json\/wp\/v2\/pages\/952"}],"collection":[{"href":"https:\/\/www.jiva.cz\/fr\/wp-json\/wp\/v2\/pages"}],"about":[{"href":"https:\/\/www.jiva.cz\/fr\/wp-json\/wp\/v2\/types\/page"}],"author":[{"embeddable":true,"href":"https:\/\/www.jiva.cz\/fr\/wp-json\/wp\/v2\/users\/2"}],"replies":[{"embeddable":true,"href":"https:\/\/www.jiva.cz\/fr\/wp-json\/wp\/v2\/comments?post=952"}],"version-history":[{"count":0,"href":"https:\/\/www.jiva.cz\/fr\/wp-json\/wp\/v2\/pages\/952\/revisions"}],"up":[{"embeddable":true,"href":"https:\/\/www.jiva.cz\/fr\/wp-json\/wp\/v2\/pages\/941"}],"wp:featuredmedia":[{"embeddable":true,"href":"https:\/\/www.jiva.cz\/fr\/wp-json\/wp\/v2\/media\/275"}],"wp:attachment":[{"href":"https:\/\/www.jiva.cz\/fr\/wp-json\/wp\/v2\/media?parent=952"}],"curies":[{"name":"wp","href":"https:\/\/api.w.org\/{rel}","templated":true}]}}