{"id":954,"date":"2013-06-15T20:37:22","date_gmt":"2013-06-15T20:37:22","guid":{"rendered":"http:\/\/www.jiva.cz\/?page_id=954"},"modified":"2013-06-16T18:35:49","modified_gmt":"2013-06-16T18:35:49","slug":"sante","status":"publish","type":"page","link":"https:\/\/www.jiva.cz\/fr\/service-fr\/sante","title":{"rendered":"Sant\u00e9"},"content":{"rendered":"<p>Le deuxi\u00e8me pilier de la production de la soci\u00e9t\u00e9 Jiva Jir\u00e1k est la fabrication d\u2019\u00e9quipements en inox pour le domaine de la sant\u00e9. La r\u00e9alisation pr\u00e9cise, fonctionnalit\u00e9, conformit\u00e9 aux normes d\u2019hygi\u00e8ne, etc. repr\u00e9sentent juste une partie caract\u00e9ristique des produits livr\u00e9s. Il suffit de dire ce dont vous avez besoin, et vous pouvez nous confier le reste. Nous fabriquerons l\u2019\u00e9quipement n\u00e9cessaire et nous nous occuperons de son transport et son installation.<\/p>\n","protected":false},"excerpt":{"rendered":"<p>Le deuxi\u00e8me pilier de la production de la soci\u00e9t\u00e9 Jiva Jir\u00e1k est la fabrication d\u2019\u00e9quipements en inox pour le domaine de la sant\u00e9. La r\u00e9alisation pr\u00e9cise, fonctionnalit\u00e9, conformit\u00e9 aux normes d\u2019hygi\u00e8ne, etc. repr\u00e9sentent juste une partie caract\u00e9ristique des produits livr\u00e9s. Il suffit de dire ce dont vous avez besoin, et vous pouvez nous confier le [&hellip;]<\/p>\n","protected":false},"author":2,"featured_media":278,"parent":1010,"menu_order":0,"comment_status":"closed","ping_status":"closed","template":"","meta":{"ngg_post_thumbnail":0},"_links":{"self":[{"href":"https:\/\/www.jiva.cz\/fr\/wp-json\/wp\/v2\/pages\/954"}],"collection":[{"href":"https:\/\/www.jiva.cz\/fr\/wp-json\/wp\/v2\/pages"}],"about":[{"href":"https:\/\/www.jiva.cz\/fr\/wp-json\/wp\/v2\/types\/page"}],"author":[{"embeddable":true,"href":"https:\/\/www.jiva.cz\/fr\/wp-json\/wp\/v2\/users\/2"}],"replies":[{"embeddable":true,"href":"https:\/\/www.jiva.cz\/fr\/wp-json\/wp\/v2\/comments?post=954"}],"version-history":[{"count":0,"href":"https:\/\/www.jiva.cz\/fr\/wp-json\/wp\/v2\/pages\/954\/revisions"}],"up":[{"embeddable":true,"href":"https:\/\/www.jiva.cz\/fr\/wp-json\/wp\/v2\/pages\/1010"}],"wp:featuredmedia":[{"embeddable":true,"href":"https:\/\/www.jiva.cz\/fr\/wp-json\/wp\/v2\/media\/278"}],"wp:attachment":[{"href":"https:\/\/www.jiva.cz\/fr\/wp-json\/wp\/v2\/media?parent=954"}],"curies":[{"name":"wp","href":"https:\/\/api.w.org\/{rel}","templated":true}]}}