{"id":955,"date":"2013-06-15T20:38:12","date_gmt":"2013-06-15T20:38:12","guid":{"rendered":"http:\/\/www.jiva.cz\/?page_id=955"},"modified":"2013-06-16T18:37:41","modified_gmt":"2013-06-16T18:37:41","slug":"equipements-en-inox-pour-les-blocs-operatoires","status":"publish","type":"page","link":"https:\/\/www.jiva.cz\/fr\/service-fr\/sante\/equipements-en-inox-pour-les-blocs-operatoires","title":{"rendered":"Equipements en inox pour les blocs op\u00e9ratoires"},"content":{"rendered":"<p>Nous fournissons des \u00e9quipements en inox pour des blocs op\u00e9ratoires, cabinets m\u00e9dicaux, salle de stockage d\u2018h\u00f4pital, etc., tout conform\u00e9ment aux besoins du client.\u00a0Les produits visualis\u00e9s ne pr\u00e9sentent qu\u2019une partie de ce qui figure dans les catalogues. En cas de votre int\u00e9r\u00eat, merci de contacter le service commercial qui vous renseignera sur l\u2019assortiment complet.<\/p>\nngg_shortcode_0_placeholder\n","protected":false},"excerpt":{"rendered":"<p>Nous fournissons des \u00e9quipements en inox pour des blocs op\u00e9ratoires, cabinets m\u00e9dicaux, salle de stockage d\u2018h\u00f4pital, etc., tout conform\u00e9ment aux besoins du client.\u00a0Les produits visualis\u00e9s ne pr\u00e9sentent qu\u2019une partie de ce qui figure dans les catalogues. En cas de votre int\u00e9r\u00eat, merci de contacter le service commercial qui vous renseignera sur l\u2019assortiment complet.<\/p>\n","protected":false},"author":2,"featured_media":278,"parent":954,"menu_order":0,"comment_status":"closed","ping_status":"closed","template":"","meta":{"ngg_post_thumbnail":0},"_links":{"self":[{"href":"https:\/\/www.jiva.cz\/fr\/wp-json\/wp\/v2\/pages\/955"}],"collection":[{"href":"https:\/\/www.jiva.cz\/fr\/wp-json\/wp\/v2\/pages"}],"about":[{"href":"https:\/\/www.jiva.cz\/fr\/wp-json\/wp\/v2\/types\/page"}],"author":[{"embeddable":true,"href":"https:\/\/www.jiva.cz\/fr\/wp-json\/wp\/v2\/users\/2"}],"replies":[{"embeddable":true,"href":"https:\/\/www.jiva.cz\/fr\/wp-json\/wp\/v2\/comments?post=955"}],"version-history":[{"count":0,"href":"https:\/\/www.jiva.cz\/fr\/wp-json\/wp\/v2\/pages\/955\/revisions"}],"up":[{"embeddable":true,"href":"https:\/\/www.jiva.cz\/fr\/wp-json\/wp\/v2\/pages\/954"}],"wp:featuredmedia":[{"embeddable":true,"href":"https:\/\/www.jiva.cz\/fr\/wp-json\/wp\/v2\/media\/278"}],"wp:attachment":[{"href":"https:\/\/www.jiva.cz\/fr\/wp-json\/wp\/v2\/media?parent=955"}],"curies":[{"name":"wp","href":"https:\/\/api.w.org\/{rel}","templated":true}]}}