{"id":957,"date":"2013-06-15T20:38:51","date_gmt":"2013-06-15T20:38:51","guid":{"rendered":"http:\/\/www.jiva.cz\/?page_id=957"},"modified":"2013-06-16T18:38:08","modified_gmt":"2013-06-16T18:38:08","slug":"salles-de-sterilisation","status":"publish","type":"page","link":"https:\/\/www.jiva.cz\/fr\/service-fr\/sante\/salles-de-sterilisation","title":{"rendered":"Salles de st\u00e9rilisation"},"content":{"rendered":"<p>Nous fournissons des \u00e9quipements en inox pour des salles de st\u00e9rilisation centrales d\u2019h\u00f4pitaux. De nombreux produits type existent \u2013 tant sur roulettes que stationnaires. En cas de votre int\u00e9r\u00eat, merci de contacter le service commercial qui vous renseignera sur l\u2019assortiment complet.<\/p>\nngg_shortcode_0_placeholder\n","protected":false},"excerpt":{"rendered":"<p>Nous fournissons des \u00e9quipements en inox pour des salles de st\u00e9rilisation centrales d\u2019h\u00f4pitaux. De nombreux produits type existent \u2013 tant sur roulettes que stationnaires. En cas de votre int\u00e9r\u00eat, merci de contacter le service commercial qui vous renseignera sur l\u2019assortiment complet.<\/p>\n","protected":false},"author":2,"featured_media":278,"parent":954,"menu_order":0,"comment_status":"closed","ping_status":"closed","template":"","meta":{"ngg_post_thumbnail":0},"_links":{"self":[{"href":"https:\/\/www.jiva.cz\/fr\/wp-json\/wp\/v2\/pages\/957"}],"collection":[{"href":"https:\/\/www.jiva.cz\/fr\/wp-json\/wp\/v2\/pages"}],"about":[{"href":"https:\/\/www.jiva.cz\/fr\/wp-json\/wp\/v2\/types\/page"}],"author":[{"embeddable":true,"href":"https:\/\/www.jiva.cz\/fr\/wp-json\/wp\/v2\/users\/2"}],"replies":[{"embeddable":true,"href":"https:\/\/www.jiva.cz\/fr\/wp-json\/wp\/v2\/comments?post=957"}],"version-history":[{"count":0,"href":"https:\/\/www.jiva.cz\/fr\/wp-json\/wp\/v2\/pages\/957\/revisions"}],"up":[{"embeddable":true,"href":"https:\/\/www.jiva.cz\/fr\/wp-json\/wp\/v2\/pages\/954"}],"wp:featuredmedia":[{"embeddable":true,"href":"https:\/\/www.jiva.cz\/fr\/wp-json\/wp\/v2\/media\/278"}],"wp:attachment":[{"href":"https:\/\/www.jiva.cz\/fr\/wp-json\/wp\/v2\/media?parent=957"}],"curies":[{"name":"wp","href":"https:\/\/api.w.org\/{rel}","templated":true}]}}