{"id":959,"date":"2013-06-15T20:40:09","date_gmt":"2013-06-15T20:40:09","guid":{"rendered":"http:\/\/www.jiva.cz\/?page_id=959"},"modified":"2013-06-16T18:37:11","modified_gmt":"2013-06-16T18:37:11","slug":"dispositifs-de-transport-et-de-manutention","status":"publish","type":"page","link":"https:\/\/www.jiva.cz\/fr\/service-fr\/sante\/dispositifs-de-transport-et-de-manutention","title":{"rendered":"Dispositifs de transport et de manutention"},"content":{"rendered":"<p>Une large gamme de chariots et d\u2018armoires roulants\u00a0 destin\u00e9e au transport de toute sorte de marchandise en commen\u00e7ant par le linge et finissant par la distribution de repas. En fonction des exigences concernant les besoins du milieu int\u00e9rieur, il est possible de choisir les chariots neutres, refrig\u00e9r\u00e9s ou chauffants. En cas de votre int\u00e9r\u00eat, merci de contacter le service commercial qui vous renseignera sur l\u2019assortiment complet.<\/p>\nngg_shortcode_0_placeholder\n","protected":false},"excerpt":{"rendered":"<p>Une large gamme de chariots et d\u2018armoires roulants\u00a0 destin\u00e9e au transport de toute sorte de marchandise en commen\u00e7ant par le linge et finissant par la distribution de repas. En fonction des exigences concernant les besoins du milieu int\u00e9rieur, il est possible de choisir les chariots neutres, refrig\u00e9r\u00e9s ou chauffants. En cas de votre int\u00e9r\u00eat, merci [&hellip;]<\/p>\n","protected":false},"author":2,"featured_media":278,"parent":954,"menu_order":0,"comment_status":"closed","ping_status":"closed","template":"","meta":{"ngg_post_thumbnail":0},"_links":{"self":[{"href":"https:\/\/www.jiva.cz\/fr\/wp-json\/wp\/v2\/pages\/959"}],"collection":[{"href":"https:\/\/www.jiva.cz\/fr\/wp-json\/wp\/v2\/pages"}],"about":[{"href":"https:\/\/www.jiva.cz\/fr\/wp-json\/wp\/v2\/types\/page"}],"author":[{"embeddable":true,"href":"https:\/\/www.jiva.cz\/fr\/wp-json\/wp\/v2\/users\/2"}],"replies":[{"embeddable":true,"href":"https:\/\/www.jiva.cz\/fr\/wp-json\/wp\/v2\/comments?post=959"}],"version-history":[{"count":0,"href":"https:\/\/www.jiva.cz\/fr\/wp-json\/wp\/v2\/pages\/959\/revisions"}],"up":[{"embeddable":true,"href":"https:\/\/www.jiva.cz\/fr\/wp-json\/wp\/v2\/pages\/954"}],"wp:featuredmedia":[{"embeddable":true,"href":"https:\/\/www.jiva.cz\/fr\/wp-json\/wp\/v2\/media\/278"}],"wp:attachment":[{"href":"https:\/\/www.jiva.cz\/fr\/wp-json\/wp\/v2\/media?parent=959"}],"curies":[{"name":"wp","href":"https:\/\/api.w.org\/{rel}","templated":true}]}}